{"id":1672,"date":"2025-05-06T20:23:29","date_gmt":"2025-05-06T20:23:29","guid":{"rendered":"https:\/\/inkiz.shop\/?page_id=1672"},"modified":"2025-07-27T12:37:37","modified_gmt":"2025-07-27T12:37:37","slug":"retours-et-remboursements","status":"publish","type":"page","link":"https:\/\/inkiz.shop\/fr\/retours-et-remboursements\/","title":{"rendered":"Politique de Retours et Remboursements"},"content":{"rendered":"\n<div class=\"wp-block-uagb-container uagb-block-9fb70a2e alignfull uagb-is-root-container\"><div class=\"uagb-container-inner-blocks-wrap\">\n<div class=\"wp-block-uagb-advanced-heading uagb-block-2a90a77b\"><h2 class=\"uagb-heading-text\">Politique de Retours et Remboursements<\/h2><\/div>\n\n\n\n<p><strong>Derni\u00e8re mise \u00e0 jour : 1 f\u00e9vrier 2025<\/strong><\/p>\n\n\n\n<p>Chez&nbsp;<strong>Inkiz<\/strong>, nous nous engageons \u00e0 fournir des produits de haute qualit\u00e9. Si vous n\u2019\u00eates pas enti\u00e8rement satisfait de votre achat, nous vous offrons la possibilit\u00e9 de retourner votre produit sous certaines conditions. Veuillez lire attentivement notre politique de retours et remboursements ci-dessous.<\/p>\n\n\n\n<hr class=\"wp-block-separator has-alpha-channel-opacity\"\/>\n\n\n\n<h3 class=\"wp-block-heading\">1. Conditions de Retour<\/h3>\n\n\n\n<p>Vous pouvez retourner un article dans un d\u00e9lai de&nbsp;<strong>14 jours<\/strong>&nbsp;\u00e0 compter de la date de r\u00e9ception de votre commande. Pour \u00eatre \u00e9ligible \u00e0 un retour, le produit doit remplir les conditions suivantes :<\/p>\n\n\n\n<ul class=\"wp-block-list\">\n<li>\u00catre dans son \u00e9tat d\u2019origine, non port\u00e9, non lav\u00e9 et non utilis\u00e9.<\/li>\n\n\n\n<li>\u00catre retourn\u00e9 dans son emballage d\u2019origine avec toutes les \u00e9tiquettes et accessoires inclus.<\/li>\n\n\n\n<li>Ne pas \u00eatre un article personnalis\u00e9 ou fabriqu\u00e9 sur commande (ces produits ne sont ni repris ni \u00e9chang\u00e9s sauf en cas de d\u00e9faut).<\/li>\n<\/ul>\n\n\n\n<p>Si votre retour ne remplit pas ces conditions, nous nous r\u00e9servons le droit de refuser le remboursement ou de vous retourner l\u2019article \u00e0 vos frais.<\/p>\n\n\n\n<hr class=\"wp-block-separator has-alpha-channel-opacity\"\/>\n\n\n\n<h3 class=\"wp-block-heading\">2. Processus de Retour<\/h3>\n\n\n\n<p>Pour initier un retour, suivez ces \u00e9tapes :<\/p>\n\n\n\n<ol class=\"wp-block-list\">\n<li><strong>Contactez-nous<\/strong>&nbsp;\u00e0 l\u2019adresse&nbsp;<strong>inkiz.shop@gmail.com<\/strong>&nbsp;en pr\u00e9cisant votre num\u00e9ro de commande, le produit concern\u00e9 et la raison du retour.<\/li>\n\n\n\n<li>Nous vous fournirons les instructions d\u00e9taill\u00e9es pour renvoyer votre article.<\/li>\n\n\n\n<li>Emballez soigneusement votre produit et envoyez-le \u00e0 l\u2019adresse suivante :<br><strong>Inkiz \u2013 Service Retours<\/strong><br><strong>6 rue St\u00e9phane Boltar, 31270 Cugnaux, France<\/strong><\/li>\n\n\n\n<li>Conservez une preuve d\u2019envoi (num\u00e9ro de suivi recommand\u00e9) jusqu\u2019\u00e0 confirmation de la r\u00e9ception de votre retour.<\/li>\n<\/ol>\n\n\n\n<p>Les frais de retour sont \u00e0 la charge du client, sauf en cas d\u2019erreur de notre part ou de produit d\u00e9fectueux.<\/p>\n\n\n\n<hr class=\"wp-block-separator has-alpha-channel-opacity\"\/>\n\n\n\n<h3 class=\"wp-block-heading\">3. Remboursements<\/h3>\n\n\n\n<p>Une fois votre retour re\u00e7u et inspect\u00e9, nous vous informerons de l\u2019approbation ou du rejet de votre remboursement.<\/p>\n\n\n\n<ul class=\"wp-block-list\">\n<li><strong>Si approuv\u00e9<\/strong>, le remboursement sera effectu\u00e9 via le mode de paiement d\u2019origine dans un d\u00e9lai de&nbsp;<strong>7 \u00e0 10 jours ouvr\u00e9s<\/strong>.<\/li>\n\n\n\n<li><strong>Si rejet\u00e9<\/strong>, nous vous informerons de la raison et vous proposerons une solution alternative.<\/li>\n<\/ul>\n\n\n\n<p>Les frais de livraison initiaux ne sont pas remboursables, sauf en cas d\u2019erreur de notre part.<\/p>\n\n\n\n<hr class=\"wp-block-separator has-alpha-channel-opacity\"\/>\n\n\n\n<h3 class=\"wp-block-heading\">4. \u00c9changes<\/h3>\n\n\n\n<p>Nous ne proposons pas d\u2019\u00e9change direct. Si vous souhaitez un autre article, nous vous recommandons de retourner votre commande et de passer une nouvelle commande sur notre site.<\/p>\n\n\n\n<hr class=\"wp-block-separator has-alpha-channel-opacity\"\/>\n\n\n\n<h3 class=\"wp-block-heading\">5. Produits D\u00e9fectueux ou Erreur de Commande<\/h3>\n\n\n\n<p>Si vous recevez un produit d\u00e9fectueux ou incorrect, contactez-nous dans les&nbsp;<strong>48 heures<\/strong>&nbsp;suivant la r\u00e9ception de votre commande avec des photos du produit concern\u00e9. Nous prendrons en charge les frais de retour et vous proposerons un remboursement ou un remplacement.<\/p>\n\n\n\n<hr class=\"wp-block-separator has-alpha-channel-opacity\"\/>\n\n\n\n<h3 class=\"wp-block-heading\">6. Contact<\/h3>\n\n\n\n<p>Si vous avez des questions concernant notre politique de retours et remboursements, n\u2019h\u00e9sitez pas \u00e0 nous contacter :<\/p>\n\n\n\n<ul class=\"wp-block-list\">\n<li><strong>Email<\/strong>&nbsp;: inkiz.shop@gmail.com<\/li>\n<\/ul>\n\n\n\n<p>Nous sommes l\u00e0 pour vous aider et nous effor\u00e7ons de garantir votre satisfaction !<\/p>\n\n\n\n<p><\/p>\n<\/div><\/div>\n","protected":false},"excerpt":{"rendered":"<p>Politique de Retours et Remboursements Derni\u00e8re mise \u00e0 jour : 1 f\u00e9vrier 2025 Chez&nbsp;Inkiz, nous nous engageons \u00e0 fournir des produits de haute qualit\u00e9. Si vous n\u2019\u00eates pas enti\u00e8rement satisfait de votre achat, nous vous offrons la possibilit\u00e9 de retourner votre produit sous certaines conditions. Veuillez lire attentivement notre politique de retours et remboursements ci-dessous. [&hellip;]<\/p>\n","protected":false},"author":1,"featured_media":0,"parent":0,"menu_order":0,"comment_status":"closed","ping_status":"closed","template":"","meta":{"_uag_custom_page_level_css":"","site-sidebar-layout":"default","site-content-layout":"","ast-site-content-layout":"default","site-content-style":"default","site-sidebar-style":"default","ast-global-header-display":"","ast-banner-title-visibility":"","ast-main-header-display":"","ast-hfb-above-header-display":"","ast-hfb-below-header-display":"","ast-hfb-mobile-header-display":"","site-post-title":"disabled","ast-breadcrumbs-content":"","ast-featured-img":"","footer-sml-layout":"","ast-disable-related-posts":"","theme-transparent-header-meta":"","adv-header-id-meta":"","stick-header-meta":"","header-above-stick-meta":"","header-main-stick-meta":"","header-below-stick-meta":"","astra-migrate-meta-layouts":"set","ast-page-background-enabled":"default","ast-page-background-meta":{"desktop":{"background-color":"","background-image":"","background-repeat":"repeat","background-position":"center center","background-size":"auto","background-attachment":"scroll","background-type":"","background-media":"","overlay-type":"","overlay-color":"","overlay-opacity":"","overlay-gradient":""},"tablet":{"background-color":"","background-image":"","background-repeat":"repeat","background-position":"center center","background-size":"auto","background-attachment":"scroll","background-type":"","background-media":"","overlay-type":"","overlay-color":"","overlay-opacity":"","overlay-gradient":""},"mobile":{"background-color":"","background-image":"","background-repeat":"repeat","background-position":"center center","background-size":"auto","background-attachment":"scroll","background-type":"","background-media":"","overlay-type":"","overlay-color":"","overlay-opacity":"","overlay-gradient":""}},"ast-content-background-meta":{"desktop":{"background-color":"var(--ast-global-color-5)","background-image":"","background-repeat":"repeat","background-position":"center center","background-size":"auto","background-attachment":"scroll","background-type":"","background-media":"","overlay-type":"","overlay-color":"","overlay-opacity":"","overlay-gradient":""},"tablet":{"background-color":"var(--ast-global-color-5)","background-image":"","background-repeat":"repeat","background-position":"center center","background-size":"auto","background-attachment":"scroll","background-type":"","background-media":"","overlay-type":"","overlay-color":"","overlay-opacity":"","overlay-gradient":""},"mobile":{"background-color":"var(--ast-global-color-5)","background-image":"","background-repeat":"repeat","background-position":"center center","background-size":"auto","background-attachment":"scroll","background-type":"","background-media":"","overlay-type":"","overlay-color":"","overlay-opacity":"","overlay-gradient":""}},"footnotes":""},"folder":[],"class_list":["post-1672","page","type-page","status-publish","hentry"],"aioseo_notices":[],"uagb_featured_image_src":{"full":false,"thumbnail":false,"medium":false,"medium_large":false,"large":false,"1536x1536":false,"2048x2048":false,"mailpoet_newsletter_max":false,"woocommerce_thumbnail":false,"woocommerce_single":false,"woocommerce_gallery_thumbnail":false},"uagb_author_info":{"display_name":"elnino1@gmail.com","author_link":"https:\/\/inkiz.shop\/fr\/author\/elnino1gmail-com\/"},"uagb_comment_info":0,"uagb_excerpt":"Politique de Retours et Remboursements Derni\u00e8re mise \u00e0 jour : 1 f\u00e9vrier 2025 Chez&nbsp;Inkiz, nous nous engageons \u00e0 fournir des produits de haute qualit\u00e9. Si vous n\u2019\u00eates pas enti\u00e8rement satisfait de votre achat, nous vous offrons la possibilit\u00e9 de retourner votre produit sous certaines conditions. Veuillez lire attentivement notre politique de retours et remboursements ci-dessous.\u2026","_links":{"self":[{"href":"https:\/\/inkiz.shop\/fr\/wp-json\/wp\/v2\/pages\/1672","targetHints":{"allow":["GET"]}}],"collection":[{"href":"https:\/\/inkiz.shop\/fr\/wp-json\/wp\/v2\/pages"}],"about":[{"href":"https:\/\/inkiz.shop\/fr\/wp-json\/wp\/v2\/types\/page"}],"author":[{"embeddable":true,"href":"https:\/\/inkiz.shop\/fr\/wp-json\/wp\/v2\/users\/1"}],"replies":[{"embeddable":true,"href":"https:\/\/inkiz.shop\/fr\/wp-json\/wp\/v2\/comments?post=1672"}],"version-history":[{"count":4,"href":"https:\/\/inkiz.shop\/fr\/wp-json\/wp\/v2\/pages\/1672\/revisions"}],"predecessor-version":[{"id":5614,"href":"https:\/\/inkiz.shop\/fr\/wp-json\/wp\/v2\/pages\/1672\/revisions\/5614"}],"wp:attachment":[{"href":"https:\/\/inkiz.shop\/fr\/wp-json\/wp\/v2\/media?parent=1672"}],"wp:term":[{"taxonomy":"folder","embeddable":true,"href":"https:\/\/inkiz.shop\/fr\/wp-json\/wp\/v2\/folder?post=1672"}],"curies":[{"name":"wp","href":"https:\/\/api.w.org\/{rel}","templated":true}]}}