{"id":1747,"date":"2025-04-29T20:41:39","date_gmt":"2025-04-29T20:41:39","guid":{"rendered":"https:\/\/inkiz.shop\/contact\/"},"modified":"2025-05-23T21:28:07","modified_gmt":"2025-05-23T21:28:07","slug":"contact","status":"publish","type":"page","link":"https:\/\/inkiz.shop\/fr\/contact\/","title":{"rendered":"Contact"},"content":{"rendered":"\n<div class=\"wp-block-uagb-advanced-heading uagb-block-964b2fe5\"><h1 class=\"uagb-heading-text\">Contact<\/h1><p class=\"uagb-desc-text\"><br> <\/p><\/div>\n\n\n\n<p>Vous avez une question, une demande de personnalisation ou vous voulez simplement dire bonjour ?<br>N&rsquo;h\u00e9sitez pas \u00e0 me contacter !<br><br><br>Que vous soyez curieux au sujet d&rsquo;un produit, que vous ayez besoin d&rsquo;aide pour passer une commande ou que vous souhaitiez une version unique de l&rsquo;un de mes mod\u00e8les, n&rsquo;h\u00e9sitez pas \u00e0 me contacter. Je suis toujours ravie de cr\u00e9er quelque chose de sp\u00e9cial pour vous. <br><br><br>Vous pouvez me contacter \u00e0 l&rsquo;aide du formulaire ci-dessous &#8211; je vous r\u00e9pondrai dans les plus brefs d\u00e9lais !<\/p>\n\n\n\n<div class=\"wp-block-uagb-container uagb-layout-grid uagb-block-a9352b8d alignfull uagb-is-root-container\"><div class=\"uagb-container-inner-blocks-wrap\">\n<div class=\"wp-block-uagb-info-box uagb-block-e5243435 uagb-infobox__content-wrap  uagb-infobox-icon-left uagb-infobox-left uagb-infobox-stacked-mobile uagb-infobox-image-valign-top\"><div class=\"uagb-ifb-icon-wrap\"><svg xmlns=\"https:\/\/www.w3.org\/2000\/svg\" viewBox=\"0 0 512 512\"><path d=\"M464 64C490.5 64 512 85.49 512 112C512 127.1 504.9 141.3 492.8 150.4L275.2 313.6C263.8 322.1 248.2 322.1 236.8 313.6L19.2 150.4C7.113 141.3 0 127.1 0 112C0 85.49 21.49 64 48 64H464zM217.6 339.2C240.4 356.3 271.6 356.3 294.4 339.2L512 176V384C512 419.3 483.3 448 448 448H64C28.65 448 0 419.3 0 384V176L217.6 339.2z\"><\/path><\/svg><\/div><div class=\"uagb-ifb-content\"><div class=\"uagb-ifb-title-wrap\"><h6 class=\"uagb-ifb-title\">CONTACTEZ MOI<\/h6><\/div><p class=\"uagb-ifb-desc\">inkiz.shop@gmail.com<\/p><\/div><\/div>\n\n\n\n<div class=\"wp-block-uagb-container uagb-block-11e17d91\">\n<p>Envoyer un message<\/p>\n\n\n\n<div class=\"wp-block-uagb-forms uagb-forms__outer-wrap uagb-block-d30afa91 uagb-forms__default-btn\"><form class=\"uagb-forms-main-form\" method=\"post\" autocomplete=\"on\" name=\"uagb-form-d30afa91\">\n<div class=\"wp-block-uagb-forms-name uagb-forms-name-wrap uagb-forms-field-set uagb-block-48b83dcc\"><div class=\"uagb-forms-name-label  uagb-forms-input-label\" id=\"48b83dcc\">First Name<\/div><input type=\"text\" placeholder=\"Full name\" class=\"uagb-forms-name-input uagb-forms-input\" name=\"48b83dcc\" autocomplete=\"given-name\"\/><\/div>\n\n\n\n<div class=\"wp-block-uagb-forms-email uagb-forms-email-wrap uagb-forms-field-set uagb-block-3d23f370\"><div class=\"uagb-forms-email-label  uagb-forms-input-label\" id=\"3d23f370\">Email<\/div><input type=\"email\" class=\"uagb-forms-email-input uagb-forms-input\" placeholder=\"Email address\" name=\"3d23f370\" autocomplete=\"email\"\/><\/div>\n\n\n\n<div class=\"wp-block-uagb-forms-name uagb-forms-name-wrap uagb-forms-field-set uagb-block-796334ed\"><div class=\"uagb-forms-name-label  uagb-forms-input-label\" id=\"796334ed\">Last Name<\/div><input type=\"text\" placeholder=\"Subject\" class=\"uagb-forms-name-input uagb-forms-input\" name=\"796334ed\" autocomplete=\"family-name\"\/><\/div>\n\n\n\n<div class=\"wp-block-uagb-forms-textarea uagb-forms-textarea-wrap uagb-forms-field-set uagb-block-dc727fe1\"><div class=\"uagb-forms-textarea-label required uagb-forms-input-label\" id=\"dc727fe1\">Message<\/div><textarea required class=\"uagb-forms-textarea-input uagb-forms-input\" rows=\"4\" placeholder=\"Your message\" name=\"dc727fe1\" autocomplete=\"off\"><\/textarea><\/div>\n<div class=\"uagb-forms-form-hidden-data\"><input type=\"hidden\" class=\"uagb_forms_form_label\" value=\"Spectra Form\"\/><input type=\"hidden\" class=\"uagb_forms_form_id\" value=\"uagb-form-d30afa91\"\/><\/div><div class=\"uagb-form-reacaptcha-error-d30afa91\"><\/div><div class=\"uagb-forms-main-submit-button-wrap wp-block-button\"><button class=\"uagb-forms-main-submit-button ast-outline-button\" style=\"border-width:revert-layer\"><div class=\"uagb-forms-main-submit-button-text\">Send Message<\/div><\/button><\/div><\/form><div class=\"uagb-forms-success-message-d30afa91 uagb-forms-submit-message-hide\"><span>The form has been submitted successfully!<\/span><\/div><div class=\"uagb-forms-failed-message-d30afa91 uagb-forms-submit-message-hide\"><span>There has been some error while submitting the form. Please verify all form fields again.<\/span><\/div><\/div>\n<\/div>\n<\/div><\/div>\n","protected":false},"excerpt":{"rendered":"<p>Contact Vous avez une question, une demande de personnalisation ou vous voulez simplement dire bonjour ?N&rsquo;h\u00e9sitez pas \u00e0 me contacter ! Que vous soyez curieux au sujet d&rsquo;un produit, que vous ayez besoin d&rsquo;aide pour passer une commande ou que vous souhaitiez une version unique de l&rsquo;un de mes mod\u00e8les, n&rsquo;h\u00e9sitez pas \u00e0 me contacter. [&hellip;]<\/p>\n","protected":false},"author":1,"featured_media":0,"parent":0,"menu_order":0,"comment_status":"closed","ping_status":"closed","template":"","meta":{"_uag_custom_page_level_css":"","site-sidebar-layout":"no-sidebar","site-content-layout":"plain-container","ast-site-content-layout":"normal-width-container","site-content-style":"unboxed","site-sidebar-style":"unboxed","ast-global-header-display":"","ast-banner-title-visibility":"","ast-main-header-display":"","ast-hfb-above-header-display":"","ast-hfb-below-header-display":"","ast-hfb-mobile-header-display":"","site-post-title":"disabled","ast-breadcrumbs-content":"","ast-featured-img":"disabled","footer-sml-layout":"","ast-disable-related-posts":"","theme-transparent-header-meta":"enabled","adv-header-id-meta":"","stick-header-meta":"","header-above-stick-meta":"","header-main-stick-meta":"","header-below-stick-meta":"","astra-migrate-meta-layouts":"set","ast-page-background-enabled":"default","ast-page-background-meta":{"desktop":{"background-color":"","background-image":"","background-repeat":"repeat","background-position":"center center","background-size":"auto","background-attachment":"scroll","background-type":"","background-media":"","overlay-type":"","overlay-color":"","overlay-opacity":"","overlay-gradient":""},"tablet":{"background-color":"","background-image":"","background-repeat":"repeat","background-position":"center center","background-size":"auto","background-attachment":"scroll","background-type":"","background-media":"","overlay-type":"","overlay-color":"","overlay-opacity":"","overlay-gradient":""},"mobile":{"background-color":"","background-image":"","background-repeat":"repeat","background-position":"center center","background-size":"auto","background-attachment":"scroll","background-type":"","background-media":"","overlay-type":"","overlay-color":"","overlay-opacity":"","overlay-gradient":""}},"ast-content-background-meta":{"desktop":{"background-color":"var(--ast-global-color-5)","background-image":"","background-repeat":"repeat","background-position":"center center","background-size":"auto","background-attachment":"scroll","background-type":"","background-media":"","overlay-type":"","overlay-color":"","overlay-opacity":"","overlay-gradient":""},"tablet":{"background-color":"var(--ast-global-color-5)","background-image":"","background-repeat":"repeat","background-position":"center center","background-size":"auto","background-attachment":"scroll","background-type":"","background-media":"","overlay-type":"","overlay-color":"","overlay-opacity":"","overlay-gradient":""},"mobile":{"background-color":"var(--ast-global-color-5)","background-image":"","background-repeat":"repeat","background-position":"center center","background-size":"auto","background-attachment":"scroll","background-type":"","background-media":"","overlay-type":"","overlay-color":"","overlay-opacity":"","overlay-gradient":""}},"footnotes":""},"folder":[],"class_list":["post-1747","page","type-page","status-publish","hentry"],"aioseo_notices":[],"uagb_featured_image_src":{"full":false,"thumbnail":false,"medium":false,"medium_large":false,"large":false,"1536x1536":false,"2048x2048":false,"mailpoet_newsletter_max":false,"woocommerce_thumbnail":false,"woocommerce_single":false,"woocommerce_gallery_thumbnail":false},"uagb_author_info":{"display_name":"elnino1@gmail.com","author_link":"https:\/\/inkiz.shop\/fr\/author\/elnino1gmail-com\/"},"uagb_comment_info":0,"uagb_excerpt":"Contact Vous avez une question, une demande de personnalisation ou vous voulez simplement dire bonjour ?N&rsquo;h\u00e9sitez pas \u00e0 me contacter ! Que vous soyez curieux au sujet d&rsquo;un produit, que vous ayez besoin d&rsquo;aide pour passer une commande ou que vous souhaitiez une version unique de l&rsquo;un de mes mod\u00e8les, n&rsquo;h\u00e9sitez pas \u00e0 me contacter.\u2026","_links":{"self":[{"href":"https:\/\/inkiz.shop\/fr\/wp-json\/wp\/v2\/pages\/1747","targetHints":{"allow":["GET"]}}],"collection":[{"href":"https:\/\/inkiz.shop\/fr\/wp-json\/wp\/v2\/pages"}],"about":[{"href":"https:\/\/inkiz.shop\/fr\/wp-json\/wp\/v2\/types\/page"}],"author":[{"embeddable":true,"href":"https:\/\/inkiz.shop\/fr\/wp-json\/wp\/v2\/users\/1"}],"replies":[{"embeddable":true,"href":"https:\/\/inkiz.shop\/fr\/wp-json\/wp\/v2\/comments?post=1747"}],"version-history":[{"count":2,"href":"https:\/\/inkiz.shop\/fr\/wp-json\/wp\/v2\/pages\/1747\/revisions"}],"predecessor-version":[{"id":3089,"href":"https:\/\/inkiz.shop\/fr\/wp-json\/wp\/v2\/pages\/1747\/revisions\/3089"}],"wp:attachment":[{"href":"https:\/\/inkiz.shop\/fr\/wp-json\/wp\/v2\/media?parent=1747"}],"wp:term":[{"taxonomy":"folder","embeddable":true,"href":"https:\/\/inkiz.shop\/fr\/wp-json\/wp\/v2\/folder?post=1747"}],"curies":[{"name":"wp","href":"https:\/\/api.w.org\/{rel}","templated":true}]}}