{"id":1749,"date":"2025-04-29T20:41:39","date_gmt":"2025-04-29T20:41:39","guid":{"rendered":"https:\/\/inkiz.shop\/a-propos-dinkiz\/"},"modified":"2025-07-26T09:11:19","modified_gmt":"2025-07-26T09:11:19","slug":"a-propos-inkiz","status":"publish","type":"page","link":"https:\/\/inkiz.shop\/fr\/a-propos-inkiz\/","title":{"rendered":"Inkiz &#8211; Art abstrait Mode et d\u00e9coration durable"},"content":{"rendered":"\n<div class=\"wp-block-uagb-container uagb-layout-flex uagb-block-3372e838 alignfull uagb-is-root-container\"><div class=\"uagb-container-inner-blocks-wrap\">\n<div class=\"wp-block-uagb-advanced-heading uagb-block-007b36e0\"><h1 class=\"uagb-heading-text\">\u00c0 propos d&rsquo;Inkiz<\/h1><\/div>\n\n\n\n<p><strong><strong>Inkiz &#8211; Art abstrait Mode et d\u00e9coration durable<\/strong><\/strong><\/p>\n\n\n\n<p><br><strong>Inkiz est un label cr\u00e9atif ax\u00e9 sur la mode abstraite et la d\u00e9coration durable.<\/strong>  Chaque dessin commence par une esquisse spontan\u00e9e, non planifi\u00e9e, intuitive et unique. Certains r\u00e9v\u00e8lent des formes surprenantes ou des caract\u00e8res \u00e9motionnels, n\u00e9s de la libert\u00e9 du geste. <\/p>\n\n\n\n<p><strong><strong>L&rsquo;art n\u00e9 de la spontan\u00e9it\u00e9<\/strong><\/strong><\/p>\n\n\n\n<p>Chez Inkiz, tout commence par un geste, un trait spontan\u00e9, intuitif, trac\u00e9 sans plan. Ces esquisses \u00e0 main lev\u00e9e \u00e9mergent souvent de mani\u00e8re inattendue : un visage, une forme, un sentiment. C&rsquo;est cette libert\u00e9 de cr\u00e9ation qui donne \u00e0 notre <strong>art abstrait<\/strong> sa puissance \u00e9motionnelle brute et son style incomparable.  <\/p>\n\n\n\n<p><strong><strong>Croquis inspir\u00e9s de la vie quotidienne<\/strong><\/strong><\/p>\n\n\n\n<p>Que ce soit sur des bouts de papier lors de r\u00e9unions ou dans des cahiers \u00e0 l&rsquo;\u00e9cole, le dessin a toujours fait partie de mon rythme quotidien. Au d\u00e9part, il s&rsquo;agissait d&rsquo;un moyen de se concentrer, puis d&rsquo;un moyen de cr\u00e9er. Chaque gribouillis est photographi\u00e9 et soigneusement retravaill\u00e9 \u00e0 l&rsquo;aide d&rsquo;outils num\u00e9riques : certains restent des dessins au trait minimalistes, tandis que d&rsquo;autres \u00e9voluent vers des compositions audacieuses et color\u00e9es.  <\/p>\n\n\n\n<p><strong><strong>Du dessin au produit : Un processus \u00e9co-conscient<\/strong><\/strong><\/p>\n\n\n\n<p>Mon approche se perp\u00e9tue \u00e0 travers une s\u00e9lection de v\u00eatements, d&rsquo;accessoires et d&rsquo;imprim\u00e9s pour la maison. Chaque pi\u00e8ce est produite par des partenaires d&rsquo;<strong>impression \u00e0 la demande de<\/strong> confiance qui fabriquent localement, r\u00e9duisant ainsi les d\u00e9chets et les \u00e9missions de carbone. Dans la mesure du possible, je choisi des mat\u00e9riaux durables :  <\/p>\n\n\n\n<ul class=\"wp-block-list\">\n<li>Coton biologique<\/li>\n\n\n\n<li>Papier d&rsquo;archivage certifi\u00e9 FSC<\/li>\n\n\n\n<li>Tissus recycl\u00e9s ou \u00e0 faible impact<\/li>\n<\/ul>\n\n\n\n<p>Cette approche allie l&rsquo;<strong>art, la durabilit\u00e9 et l&rsquo;authenticit\u00e9<\/strong>.<\/p>\n\n\n\n<p><strong>L&rsquo;art \u00e0 porter. Style vivable. <\/strong><\/p>\n\n\n\n<p>Inkiz n&rsquo;est pas seulement une marque, c&rsquo;est un espace cr\u00e9atif pour exprimer votre individualit\u00e9. Qu&rsquo;il s&rsquo;agisse de s&rsquo;habiller avec un tee-shirt ou d&rsquo;ajouter un imprim\u00e9 abstrait \u00e0 votre int\u00e9rieur, mon objectif est de rapprocher l&rsquo;art de la vie de tous les jours. <\/p>\n\n\n\n<p>Vous recherchez un mod\u00e8le ou un mat\u00e9riau sp\u00e9cifique ? Vous voulez du sur-mesure ? <\/p>\n\n\n\n<p>\ud83d\udc49<strong><a href=\"https:\/\/inkiz.shop\/fr\/contact\/\" title=\"Contact\">Contactez nous<\/a> <\/strong>&#8211; vos id\u00e9es nous int\u00e9ressent !<\/p>\n\n\n\n<p><strong>Pourquoi Inkiz ?<\/strong><\/p>\n\n\n\n<ul class=\"wp-block-list\">\n<li>Motifs abstraits uniques, dessin\u00e9s \u00e0 la main<\/li>\n\n\n\n<li>Mode \u00e9thique et production responsable<\/li>\n\n\n\n<li>D\u00e9coration originale imprim\u00e9e sur du papier de qualit\u00e9 mus\u00e9e<\/li>\n\n\n\n<li>Mat\u00e9riaux respectueux de l&rsquo;environnement et faible production de d\u00e9chets<\/li>\n<\/ul>\n\n\n\n<p><strong>Laissez l&rsquo;art faire partie de votre vie quotidienne, dans un but pr\u00e9cis et avec style.<\/strong><\/p>\n\n\n\n<div class=\"wp-block-buttons is-content-justification-center is-layout-flex wp-container-core-buttons-is-layout-a89b3969 wp-block-buttons-is-layout-flex\">\n<div class=\"wp-block-button has-custom-width wp-block-button__width-75\"><a class=\"wp-block-button__link wp-element-button\" href=\"https:\/\/inkiz.shop\/fr\/blog\/\">Explorez le blog pour en savoir plus<\/a><\/div>\n<\/div>\n\n\n\n<p><\/p>\n\n\n\n<p><\/p>\n<\/div><\/div>\n","protected":false},"excerpt":{"rendered":"<p>\u00c0 propos d&rsquo;Inkiz Inkiz &#8211; Art abstrait Mode et d\u00e9coration durable Inkiz est un label cr\u00e9atif ax\u00e9 sur la mode abstraite et la d\u00e9coration durable. Chaque dessin commence par une esquisse spontan\u00e9e, non planifi\u00e9e, intuitive et unique. Certains r\u00e9v\u00e8lent des formes surprenantes ou des caract\u00e8res \u00e9motionnels, n\u00e9s de la libert\u00e9 du geste. L&rsquo;art n\u00e9 de [&hellip;]<\/p>\n","protected":false},"author":1,"featured_media":0,"parent":0,"menu_order":0,"comment_status":"closed","ping_status":"closed","template":"","meta":{"_uag_custom_page_level_css":"","site-sidebar-layout":"no-sidebar","site-content-layout":"plain-container","ast-site-content-layout":"normal-width-container","site-content-style":"unboxed","site-sidebar-style":"default","ast-global-header-display":"","ast-banner-title-visibility":"","ast-main-header-display":"","ast-hfb-above-header-display":"","ast-hfb-below-header-display":"","ast-hfb-mobile-header-display":"","site-post-title":"disabled","ast-breadcrumbs-content":"","ast-featured-img":"disabled","footer-sml-layout":"","ast-disable-related-posts":"","theme-transparent-header-meta":"enabled","adv-header-id-meta":"","stick-header-meta":"","header-above-stick-meta":"","header-main-stick-meta":"","header-below-stick-meta":"","astra-migrate-meta-layouts":"set","ast-page-background-enabled":"default","ast-page-background-meta":{"desktop":{"background-color":"","background-image":"","background-repeat":"repeat","background-position":"center center","background-size":"auto","background-attachment":"scroll","background-type":"","background-media":"","overlay-type":"","overlay-color":"","overlay-opacity":"","overlay-gradient":""},"tablet":{"background-color":"","background-image":"","background-repeat":"repeat","background-position":"center center","background-size":"auto","background-attachment":"scroll","background-type":"","background-media":"","overlay-type":"","overlay-color":"","overlay-opacity":"","overlay-gradient":""},"mobile":{"background-color":"","background-image":"","background-repeat":"repeat","background-position":"center center","background-size":"auto","background-attachment":"scroll","background-type":"","background-media":"","overlay-type":"","overlay-color":"","overlay-opacity":"","overlay-gradient":""}},"ast-content-background-meta":{"desktop":{"background-color":"var(--ast-global-color-5)","background-image":"","background-repeat":"repeat","background-position":"center center","background-size":"auto","background-attachment":"scroll","background-type":"","background-media":"","overlay-type":"","overlay-color":"","overlay-opacity":"","overlay-gradient":""},"tablet":{"background-color":"var(--ast-global-color-5)","background-image":"","background-repeat":"repeat","background-position":"center center","background-size":"auto","background-attachment":"scroll","background-type":"","background-media":"","overlay-type":"","overlay-color":"","overlay-opacity":"","overlay-gradient":""},"mobile":{"background-color":"var(--ast-global-color-5)","background-image":"","background-repeat":"repeat","background-position":"center center","background-size":"auto","background-attachment":"scroll","background-type":"","background-media":"","overlay-type":"","overlay-color":"","overlay-opacity":"","overlay-gradient":""}},"footnotes":""},"folder":[],"class_list":["post-1749","page","type-page","status-publish","hentry"],"aioseo_notices":[],"uagb_featured_image_src":{"full":false,"thumbnail":false,"medium":false,"medium_large":false,"large":false,"1536x1536":false,"2048x2048":false,"mailpoet_newsletter_max":false,"woocommerce_thumbnail":false,"woocommerce_single":false,"woocommerce_gallery_thumbnail":false},"uagb_author_info":{"display_name":"elnino1@gmail.com","author_link":"https:\/\/inkiz.shop\/fr\/author\/elnino1gmail-com\/"},"uagb_comment_info":0,"uagb_excerpt":"\u00c0 propos d&rsquo;Inkiz Inkiz &#8211; Art abstrait Mode et d\u00e9coration durable Inkiz est un label cr\u00e9atif ax\u00e9 sur la mode abstraite et la d\u00e9coration durable. Chaque dessin commence par une esquisse spontan\u00e9e, non planifi\u00e9e, intuitive et unique. Certains r\u00e9v\u00e8lent des formes surprenantes ou des caract\u00e8res \u00e9motionnels, n\u00e9s de la libert\u00e9 du geste. L&rsquo;art n\u00e9 de\u2026","_links":{"self":[{"href":"https:\/\/inkiz.shop\/fr\/wp-json\/wp\/v2\/pages\/1749","targetHints":{"allow":["GET"]}}],"collection":[{"href":"https:\/\/inkiz.shop\/fr\/wp-json\/wp\/v2\/pages"}],"about":[{"href":"https:\/\/inkiz.shop\/fr\/wp-json\/wp\/v2\/types\/page"}],"author":[{"embeddable":true,"href":"https:\/\/inkiz.shop\/fr\/wp-json\/wp\/v2\/users\/1"}],"replies":[{"embeddable":true,"href":"https:\/\/inkiz.shop\/fr\/wp-json\/wp\/v2\/comments?post=1749"}],"version-history":[{"count":9,"href":"https:\/\/inkiz.shop\/fr\/wp-json\/wp\/v2\/pages\/1749\/revisions"}],"predecessor-version":[{"id":5568,"href":"https:\/\/inkiz.shop\/fr\/wp-json\/wp\/v2\/pages\/1749\/revisions\/5568"}],"wp:attachment":[{"href":"https:\/\/inkiz.shop\/fr\/wp-json\/wp\/v2\/media?parent=1749"}],"wp:term":[{"taxonomy":"folder","embeddable":true,"href":"https:\/\/inkiz.shop\/fr\/wp-json\/wp\/v2\/folder?post=1749"}],"curies":[{"name":"wp","href":"https:\/\/api.w.org\/{rel}","templated":true}]}}