{"id":2501,"date":"2025-05-13T20:36:49","date_gmt":"2025-05-13T20:36:49","guid":{"rendered":"https:\/\/inkiz.shop\/blog\/"},"modified":"2025-07-26T09:59:59","modified_gmt":"2025-07-26T09:59:59","slug":"blog","status":"publish","type":"page","link":"https:\/\/inkiz.shop\/fr\/blog\/","title":{"rendered":"Blog"},"content":{"rendered":"\n<div class=\"wp-block-uagb-container uagb-block-1af72b02 alignfull uagb-is-root-container\"><div class=\"uagb-container-inner-blocks-wrap\">\n<p><strong>Inkiz Journal &#8211; Quand l&rsquo;art abstrait rencontre le style conscient<\/strong><\/p>\n\n\n\n<p>Bienvenue au Journal Inkiz, votre espace pour plonger plus profond\u00e9ment dans le monde de l&rsquo;<strong>art abstrait, de la slow fashion<\/strong> et de l&rsquo;<strong>expression cr\u00e9ative<\/strong>.<\/p>\n\n\n\n<p>J&rsquo;y raconte les histoires qui se cachent derri\u00e8re mes cr\u00e9ations, j&rsquo;explore les tendances en mati\u00e8re de style durable et je r\u00e9fl\u00e9chis \u00e0 l&rsquo;avenir de la mode d&rsquo;un point de vue artistique.<\/p>\n\n\n\n<p>Vous cherchez des <strong>conseils de mode \u00e9cologique<\/strong>, une dose d&rsquo;inspiration cr\u00e9ative ou des id\u00e9es sur la fa\u00e7on dont l&rsquo;art peut fa\u00e7onner l&rsquo;identit\u00e9 ?<\/p>\n\n\n\n<p>Vous \u00eates au bon endroit.<\/p>\n\n\n\n<p>\ud83d\udc49 Faites d\u00e9filer vers le bas pour d\u00e9couvrir les derniers articles, et n&rsquo;oubliez pas de revenir &#8211; je publierai r\u00e9guli\u00e8rement du nouveau contenu.<\/p>\n<\/div><\/div>\n\n\n\n<div class=\"wp-block-uagb-container uagb-block-f00b2298 alignfull uagb-is-root-container\"><div class=\"uagb-container-inner-blocks-wrap\">\n\t\t\t<div class=\"wp-block-uagb-post-carousel uagb-post-grid  uagb-post__image-position-top uagb-post__image-enabled uagb-block-2a054f60     uagb-post__arrow-outside uagb-post__items uagb-post__columns-3 is-carousel uagb-post__columns-tablet-2 uagb-post__columns-mobile-1\" data-total=\"1\" style=\"\">\n\n\t\t\t\t\t\t\t\t\t\t\t\t<article class=\"uagb-post__inner-wrap\">\t\t\t\t\t\t\t\t<div class='uagb-post__image'>\n\t\t\t\t\t\t\t\t\t<a href=\"https:\/\/inkiz.shop\/fr\/comment-je-transforme-des-croquis-en-mode\/\" target=\"_self\" rel=\"bookmark noopener noreferrer\"><img loading=\"lazy\" decoding=\"async\" width=\"1024\" height=\"1024\" src=\"https:\/\/inkiz.shop\/wp-content\/uploads\/2025\/06\/sketch_to_style.jpg\" class=\"attachment-large size-large\" alt=\"Abstract sketch on paper next to a printed t-shirt with the same design, showing the process of turning hand-drawn art into wearable fashion.\" srcset=\"https:\/\/inkiz.shop\/wp-content\/uploads\/2025\/06\/sketch_to_style.jpg 1024w, https:\/\/inkiz.shop\/wp-content\/uploads\/2025\/06\/sketch_to_style-300x300.jpg 300w, https:\/\/inkiz.shop\/wp-content\/uploads\/2025\/06\/sketch_to_style-150x150.jpg 150w, https:\/\/inkiz.shop\/wp-content\/uploads\/2025\/06\/sketch_to_style-768x768.jpg 768w, https:\/\/inkiz.shop\/wp-content\/uploads\/2025\/06\/sketch_to_style-600x600.jpg 600w, https:\/\/inkiz.shop\/wp-content\/uploads\/2025\/06\/sketch_to_style-100x100.jpg 100w\" sizes=\"auto, (max-width: 1024px) 100vw, 1024px\" \/>\t\t\t\t\t<\/a>\n\t\t\t\t\t\t\t\t\t<\/div>\n\t\t\t\t\t\t<h4 class=\"uagb-post__title uagb-post__text\">\n\t\t\t\t<a href=\"https:\/\/inkiz.shop\/fr\/comment-je-transforme-des-croquis-en-mode\/\" target=\"_self\" rel=\"bookmark noopener noreferrer\">Comment je transforme des croquis en mode<\/a>\n\t\t\t<\/h4>\n\t\t\t\t\t\t<div class='uagb-post__text uagb-post-grid-byline'>\n\t\t\t\t\t\t\t\t<time datetime=\"2025-06-16T20:10:59+00:00\" class=\"uagb-post__date\">\n\t\t\t\t<span class=\"dashicons-calendar dashicons\"><\/span>\t\t\t\t\tjuin 16, 2025\t\t\t\t<\/time>\n\t\t\t\t\t\t\t<span class=\"uagb-post__comment\">\n\t\t\t\t<span class=\"dashicons-admin-comments dashicons\"><\/span>\t\t\t\t\tAucun commentaire\t\t\t\t<\/span>\n\t\t\t\t\t\t<\/div>\n\t\t\t\t\t\t\t<div class='uagb-post__text uagb-post__excerpt'>\n\t\t\t\t\t<p>Comment je transforme mes croquis en mode Comment un croquis pris au hasard devient-il une&#8230;\t\t\t\t<\/div>\n\t\t\t\t\t\t<div class=\"uagb-post__text uagb-post__cta wp-block-button\">\n\t\t\t\t<a class=\"wp-block-button__link uagb-text-link\" style=\"\" href=\"https:\/\/inkiz.shop\/fr\/comment-je-transforme-des-croquis-en-mode\/\" target=\"_self\" rel=\"bookmark noopener noreferrer\">Lire la suite<\/a>\n\t\t\t<\/div>\n\t\t\t\n\t\t\t\t\t\t\t\t\t<\/article>\n\t\t\t\t\t\t\t\t\t\t\t\t\t\t\t\t<article class=\"uagb-post__inner-wrap\">\t\t\t\t\t\t\t\t<div class='uagb-post__image'>\n\t\t\t\t\t\t\t\t\t<a href=\"https:\/\/inkiz.shop\/fr\/impression-a-la-demande-une-facon-plus-ecologique-de-shabiller\/\" target=\"_self\" rel=\"bookmark noopener noreferrer\"><img loading=\"lazy\" decoding=\"async\" width=\"683\" height=\"1024\" src=\"https:\/\/inkiz.shop\/wp-content\/uploads\/2025\/06\/print-on-demand-ethical-683x1024.jpg\" class=\"attachment-large size-large\" alt=\"print on demand more ethical fashion choice\" srcset=\"https:\/\/inkiz.shop\/wp-content\/uploads\/2025\/06\/print-on-demand-ethical-683x1024.jpg 683w, https:\/\/inkiz.shop\/wp-content\/uploads\/2025\/06\/print-on-demand-ethical-200x300.jpg 200w, https:\/\/inkiz.shop\/wp-content\/uploads\/2025\/06\/print-on-demand-ethical-768x1152.jpg 768w, https:\/\/inkiz.shop\/wp-content\/uploads\/2025\/06\/print-on-demand-ethical-600x900.jpg 600w, https:\/\/inkiz.shop\/wp-content\/uploads\/2025\/06\/print-on-demand-ethical.jpg 800w\" sizes=\"auto, (max-width: 683px) 100vw, 683px\" \/>\t\t\t\t\t<\/a>\n\t\t\t\t\t\t\t\t\t<\/div>\n\t\t\t\t\t\t<h4 class=\"uagb-post__title uagb-post__text\">\n\t\t\t\t<a href=\"https:\/\/inkiz.shop\/fr\/impression-a-la-demande-une-facon-plus-ecologique-de-shabiller\/\" target=\"_self\" rel=\"bookmark noopener noreferrer\">Impression \u00e0 la demande : Une fa\u00e7on plus \u00e9cologique de s&rsquo;habiller<\/a>\n\t\t\t<\/h4>\n\t\t\t\t\t\t<div class='uagb-post__text uagb-post-grid-byline'>\n\t\t\t\t\t\t\t\t<time datetime=\"2025-06-12T22:32:30+00:00\" class=\"uagb-post__date\">\n\t\t\t\t<span class=\"dashicons-calendar dashicons\"><\/span>\t\t\t\t\tjuin 12, 2025\t\t\t\t<\/time>\n\t\t\t\t\t\t\t<span class=\"uagb-post__comment\">\n\t\t\t\t<span class=\"dashicons-admin-comments dashicons\"><\/span>\t\t\t\t\tAucun commentaire\t\t\t\t<\/span>\n\t\t\t\t\t\t<\/div>\n\t\t\t\t\t\t\t<div class='uagb-post__text uagb-post__excerpt'>\n\t\t\t\t\t<p>Impression \u00e0 la demande : Une fa\u00e7on plus \u00e9cologique de s&rsquo;habiller La mode rapide est&#8230;\t\t\t\t<\/div>\n\t\t\t\t\t\t<div class=\"uagb-post__text uagb-post__cta wp-block-button\">\n\t\t\t\t<a class=\"wp-block-button__link uagb-text-link\" style=\"\" href=\"https:\/\/inkiz.shop\/fr\/impression-a-la-demande-une-facon-plus-ecologique-de-shabiller\/\" target=\"_self\" rel=\"bookmark noopener noreferrer\">Lire la suite<\/a>\n\t\t\t<\/div>\n\t\t\t\n\t\t\t\t\t\t\t\t\t<\/article>\n\t\t\t\t\t\t\t\t\t\t\t<\/div>\n\t\t\t<\/div><\/div>\n\n\n\n<div class=\"wp-block-uagb-container uagb-block-6492ada8 alignfull uagb-is-root-container\"><div class=\"uagb-container-inner-blocks-wrap\">\n<div class=\"wp-block-query alignfull is-layout-flow wp-block-query-is-layout-flow\">\n<div class=\"wp-block-group alignfull is-layout-flow wp-block-group-is-layout-flow\" style=\"padding-top:0;padding-right:0;padding-bottom:0;padding-left:0\"><ul style=\"text-transform:none;\" class=\"wp-block-post-template is-layout-flow wp-block-post-template-is-layout-flow\"><li class=\"wp-block-post post-3577 post type-post status-publish format-standard has-post-thumbnail hentry category-non-categorise tag-art-spontane tag-art-vestimentaire tag-design-de-mode tag-dessin-abstrait tag-dessin-creatif tag-impression-a-la-demande tag-vetements-sur-mesure\">\n<h2 class=\"wp-block-post-title\">Comment je transforme des croquis en mode<\/h2>\n\n<div class=\"wp-block-post-date\"><time datetime=\"2025-06-16T20:10:59+00:00\">juin 16, 2025<\/time><\/div>\n\n<div class=\"wp-block-post-excerpt\"><p class=\"wp-block-post-excerpt__excerpt\">Comment je transforme mes croquis en mode Comment un croquis pris au hasard devient-il une mode ? Chez Inkiz, chaque \u0153uvre commence par quelque chose de brut, de simple et d&rsquo;impr\u00e9vu. Mon processus est instinctif, \u00e9motionnel et bas\u00e9 sur des essais et des erreurs. Si vous \u00eates curieux de savoir comment des dessins abstraits se\u2026 <\/p><\/div>\n<\/li><li class=\"wp-block-post post-3579 post type-post status-publish format-standard has-post-thumbnail hentry category-non-categorise\">\n<h2 class=\"wp-block-post-title\">Impression \u00e0 la demande : Une fa\u00e7on plus \u00e9cologique de s&rsquo;habiller<\/h2>\n\n<div class=\"wp-block-post-date\"><time datetime=\"2025-06-12T22:32:30+00:00\">juin 12, 2025<\/time><\/div>\n\n<div class=\"wp-block-post-excerpt\"><p class=\"wp-block-post-excerpt__excerpt\">Impression \u00e0 la demande : Une fa\u00e7on plus \u00e9cologique de s&rsquo;habiller La mode rapide est bon march\u00e9. Mais elle a un co\u00fbt \u00e9lev\u00e9 pour la plan\u00e8te. Surproduction, d\u00e9chets textiles, travail d\u00e9loyal&#8230; la liste est longue. L&rsquo;impression \u00e0 la demande (POD pour print-on-demand) est diff\u00e9rente. C&rsquo;est une fa\u00e7on plus intelligente et plus juste de cr\u00e9er des\u2026 <\/p><\/div>\n<\/li><\/ul><\/div>\n<\/div>\n<\/div><\/div>\n","protected":false},"excerpt":{"rendered":"<p>Inkiz Journal &#8211; Quand l&rsquo;art abstrait rencontre le style conscient Bienvenue au Journal Inkiz, votre espace pour plonger plus profond\u00e9ment dans le monde de l&rsquo;art abstrait, de la slow fashion et de l&rsquo;expression cr\u00e9ative. J&rsquo;y raconte les histoires qui se cachent derri\u00e8re mes cr\u00e9ations, j&rsquo;explore les tendances en mati\u00e8re de style durable et je r\u00e9fl\u00e9chis [&hellip;]<\/p>\n","protected":false},"author":2,"featured_media":0,"parent":0,"menu_order":0,"comment_status":"closed","ping_status":"closed","template":"","meta":{"_uag_custom_page_level_css":"","site-sidebar-layout":"default","site-content-layout":"","ast-site-content-layout":"default","site-content-style":"default","site-sidebar-style":"default","ast-global-header-display":"","ast-banner-title-visibility":"","ast-main-header-display":"","ast-hfb-above-header-display":"","ast-hfb-below-header-display":"","ast-hfb-mobile-header-display":"","site-post-title":"disabled","ast-breadcrumbs-content":"","ast-featured-img":"","footer-sml-layout":"","ast-disable-related-posts":"","theme-transparent-header-meta":"","adv-header-id-meta":"","stick-header-meta":"","header-above-stick-meta":"","header-main-stick-meta":"","header-below-stick-meta":"","astra-migrate-meta-layouts":"set","ast-page-background-enabled":"default","ast-page-background-meta":{"desktop":{"background-color":"","background-image":"","background-repeat":"repeat","background-position":"center center","background-size":"auto","background-attachment":"scroll","background-type":"","background-media":"","overlay-type":"","overlay-color":"","overlay-opacity":"","overlay-gradient":""},"tablet":{"background-color":"","background-image":"","background-repeat":"repeat","background-position":"center center","background-size":"auto","background-attachment":"scroll","background-type":"","background-media":"","overlay-type":"","overlay-color":"","overlay-opacity":"","overlay-gradient":""},"mobile":{"background-color":"","background-image":"","background-repeat":"repeat","background-position":"center center","background-size":"auto","background-attachment":"scroll","background-type":"","background-media":"","overlay-type":"","overlay-color":"","overlay-opacity":"","overlay-gradient":""}},"ast-content-background-meta":{"desktop":{"background-color":"var(--ast-global-color-5)","background-image":"","background-repeat":"repeat","background-position":"center center","background-size":"auto","background-attachment":"scroll","background-type":"","background-media":"","overlay-type":"","overlay-color":"","overlay-opacity":"","overlay-gradient":""},"tablet":{"background-color":"var(--ast-global-color-5)","background-image":"","background-repeat":"repeat","background-position":"center center","background-size":"auto","background-attachment":"scroll","background-type":"","background-media":"","overlay-type":"","overlay-color":"","overlay-opacity":"","overlay-gradient":""},"mobile":{"background-color":"var(--ast-global-color-5)","background-image":"","background-repeat":"repeat","background-position":"center center","background-size":"auto","background-attachment":"scroll","background-type":"","background-media":"","overlay-type":"","overlay-color":"","overlay-opacity":"","overlay-gradient":""}},"footnotes":""},"folder":[],"class_list":["post-2501","page","type-page","status-publish","hentry"],"aioseo_notices":[],"uagb_featured_image_src":{"full":false,"thumbnail":false,"medium":false,"medium_large":false,"large":false,"1536x1536":false,"2048x2048":false,"mailpoet_newsletter_max":false,"woocommerce_thumbnail":false,"woocommerce_single":false,"woocommerce_gallery_thumbnail":false},"uagb_author_info":{"display_name":"inkiz","author_link":"https:\/\/inkiz.shop\/fr\/author\/inkiz\/"},"uagb_comment_info":0,"uagb_excerpt":"Inkiz Journal &#8211; Quand l&rsquo;art abstrait rencontre le style conscient Bienvenue au Journal Inkiz, votre espace pour plonger plus profond\u00e9ment dans le monde de l&rsquo;art abstrait, de la slow fashion et de l&rsquo;expression cr\u00e9ative. J&rsquo;y raconte les histoires qui se cachent derri\u00e8re mes cr\u00e9ations, j&rsquo;explore les tendances en mati\u00e8re de style durable et je r\u00e9fl\u00e9chis\u2026","_links":{"self":[{"href":"https:\/\/inkiz.shop\/fr\/wp-json\/wp\/v2\/pages\/2501","targetHints":{"allow":["GET"]}}],"collection":[{"href":"https:\/\/inkiz.shop\/fr\/wp-json\/wp\/v2\/pages"}],"about":[{"href":"https:\/\/inkiz.shop\/fr\/wp-json\/wp\/v2\/types\/page"}],"author":[{"embeddable":true,"href":"https:\/\/inkiz.shop\/fr\/wp-json\/wp\/v2\/users\/2"}],"replies":[{"embeddable":true,"href":"https:\/\/inkiz.shop\/fr\/wp-json\/wp\/v2\/comments?post=2501"}],"version-history":[{"count":7,"href":"https:\/\/inkiz.shop\/fr\/wp-json\/wp\/v2\/pages\/2501\/revisions"}],"predecessor-version":[{"id":5578,"href":"https:\/\/inkiz.shop\/fr\/wp-json\/wp\/v2\/pages\/2501\/revisions\/5578"}],"wp:attachment":[{"href":"https:\/\/inkiz.shop\/fr\/wp-json\/wp\/v2\/media?parent=2501"}],"wp:term":[{"taxonomy":"folder","embeddable":true,"href":"https:\/\/inkiz.shop\/fr\/wp-json\/wp\/v2\/folder?post=2501"}],"curies":[{"name":"wp","href":"https:\/\/api.w.org\/{rel}","templated":true}]}}