{"id":2606,"date":"2025-05-13T13:40:56","date_gmt":"2025-05-13T13:40:56","guid":{"rendered":"https:\/\/inkiz.shop\/product\/lines-of-thoughts-hoodie-abstract-face-eco-sweatshirt\/"},"modified":"2025-07-09T20:18:00","modified_gmt":"2025-07-09T20:18:00","slug":"lines-of-thoughts-hoodie-abstract-face-eco-sweatshirt","status":"publish","type":"product","link":"https:\/\/inkiz.shop\/fr\/product\/lines-of-thoughts-hoodie-abstract-face-eco-sweatshirt\/","title":{"rendered":"Sweat \u00e0 capuche Lines of Thoughts &#8211; Eco Sweatshirt Visage abstrait"},"content":{"rendered":"<h2><b>Sweat \u00e0 capuche Lines of Thoughts &#8211; Sweat \u00e0 visage abstrait en coton \u00e9cologique<\/b><\/h2>\n<p class=\"p3\">Faites une d\u00e9claration dans le confort avec le <span class=\"s2\"><b>sweat \u00e0 capuche Lines of Thoughts. <\/b><\/span>Ce sweat-shirt \u00e9co-responsable de qualit\u00e9 sup\u00e9rieure est orn\u00e9 d&rsquo;un visage abstrait minimaliste. Cette pi\u00e8ce unique allie art et sensibilisation. Elle est fabriqu\u00e9e \u00e0 partir de mat\u00e9riaux doux et durables pour les penseurs et les cr\u00e9atifs modernes. <\/p>\n<h3><b>\ud83e\udde0 <\/b><b>Un sweat \u00e0 capuche qui pense avec vous &#8211; Le design \u00ab\u00a0Lines of Thoughts\u00a0\u00bb (lignes de pens\u00e9es)<\/b><\/h3>\n<p class=\"p3\">Le <span class=\"s2\"><b>sweat \u00e0 capuche lignes de pens\u00e9es<\/b><\/span> pr\u00e9sente un visage abstrait dessin\u00e9 \u00e0 la main et compos\u00e9 de lignes continues &#8211; reflet des mondes int\u00e9rieurs, des pens\u00e9es tranquilles et de l&rsquo;identit\u00e9 fluide. Chaque ligne est intentionnelle, ce qui fait de ce sweat-shirt \u00e0 la fois une \u0153uvre d&rsquo;art portable et un symbole personnel. <\/p>\n<h3><b>\u267b\ufe0f <\/b><b>Sweat \u00e0 capuche respectueux de l&rsquo;environnement et d&rsquo;un confort optimal<\/b><\/h3>\n<ul>\n<li>\n<p class=\"p1\"><b>80 % de coton biologique + 20 % de polyester recycl\u00e9 (certifi\u00e9 GRS) :<\/b><span class=\"s1\"> \u00c9thique, respirant et con\u00e7u pour durer<\/span><\/p>\n<\/li>\n<li>\n<p class=\"p1\"><span class=\"s1\"><b>Int\u00e9rieur en polaire bross\u00e9e :<\/b><\/span> Douceur douillette parfaite pour les jours les plus froids<\/p>\n<\/li>\n<li>\n<p class=\"p1\"><span class=\"s1\"><b>280 g\/m\u00b2 Poids du tissu :<\/b><\/span> \u00c9pais sans \u00eatre encombrant &#8211; une sensation de qualit\u00e9 sup\u00e9rieure<\/p>\n<\/li>\n<li>\n<p class=\"p1\"><span class=\"s1\"><b>D\u00e9tails de haute qualit\u00e9 :<\/b><\/span> Capuche double \u00e9paisseur, cordons de serrage ton sur ton et \u0153illets m\u00e9talliques pour la durabilit\u00e9<\/p>\n<\/li>\n<li>\n<p class=\"p1\"><span class=\"s1\"><b>Coupe unisexe :<\/b><\/span> Coupe l\u00e9g\u00e8rement ample qui convient \u00e0 tous les types de corps<\/p>\n<\/li>\n<\/ul>\n<h3><b>\ud83d\udccf <\/b><b>Guide des tailles (en cm)<\/b><\/h3>\n<table>\n<thead>\n<tr>\n<th>\n<p class=\"p1\"><b>Taille<\/b><\/p>\n<\/th>\n<th>\n<p class=\"p1\"><b>Longueur (A)<\/b><\/p>\n<\/th>\n<th>\n<p class=\"p1\"><b>Largeur (B)<\/b><\/p>\n<\/th>\n<\/tr>\n<\/thead>\n<tbody>\n<tr>\n<td>\n<p class=\"p1\">S<\/p>\n<\/td>\n<td>\n<p class=\"p1\">71 cm<\/p>\n<\/td>\n<td>\n<p class=\"p1\">106 cm<\/p>\n<\/td>\n<\/tr>\n<tr>\n<td>\n<p class=\"p1\">M<\/p>\n<\/td>\n<td>\n<p class=\"p1\">72 cm<\/p>\n<\/td>\n<td>\n<p class=\"p1\">112 cm<\/p>\n<\/td>\n<\/tr>\n<tr>\n<td>\n<p class=\"p1\">L<\/p>\n<\/td>\n<td>\n<p class=\"p1\">74 cm<\/p>\n<\/td>\n<td>\n<p class=\"p1\">122 cm<\/p>\n<\/td>\n<\/tr>\n<tr>\n<td>\n<p class=\"p1\">XL<\/p>\n<\/td>\n<td>\n<p class=\"p1\">75 cm<\/p>\n<\/td>\n<td>\n<p class=\"p1\">130 cm<\/p>\n<\/td>\n<\/tr>\n<\/tbody>\n<\/table>\n<h3><b>\ud83e\uddfc <\/b><b>Instructions d&rsquo;entretien<\/b><\/h3>\n<ul>\n<li>\n<p class=\"p1\"><span class=\"s1\"><b>Lavage :<\/b><\/span> Lavage \u00e0 froid en machine avec des couleurs similaires<\/p>\n<\/li>\n<li>\n<p class=\"p1\"><span class=\"s1\"><b>S\u00e9chage :<\/b><\/span> S\u00e9chage en machine \u00e0 basse temp\u00e9rature ou \u00e0 l&rsquo;air libre pour \u00e9viter le r\u00e9tr\u00e9cissement.<\/p>\n<\/li>\n<li>\n<p class=\"p1\"><span class=\"s1\"><b>Stockage :<\/b><\/span> Conserver dans un endroit frais et sec pour pr\u00e9server le tissu et la coupe.<\/p>\n<\/li>\n<\/ul>\n<p class=\"p1\">Restez inspir\u00e9 et conscient avec le <span class=\"s1\"><b>sweat \u00e0 capuche Lines of Thoughts<\/b><\/span> &#8211; o\u00f9 l&rsquo;art minimaliste rencontre la responsabilit\u00e9 moderne.<\/p>\n","protected":false},"excerpt":{"rendered":"<p class=\"p1\">Enveloppez-vous de confort et de cr\u00e9ativit\u00e9 avec le <span class=\"s1\"><b>sweat \u00e0 capuche Lines of Thoughts <\/b><\/span>qui pr\u00e9sente un visage abstrait sur un sweat-shirt \u00e9cologique et ultra-doux.<\/p>\n","protected":false},"featured_media":2167,"comment_status":"open","ping_status":"closed","template":"","meta":{"_uag_custom_page_level_css":"","site-sidebar-layout":"default","site-content-layout":"","ast-site-content-layout":"default","site-content-style":"default","site-sidebar-style":"default","ast-global-header-display":"","ast-banner-title-visibility":"","ast-main-header-display":"","ast-hfb-above-header-display":"","ast-hfb-below-header-display":"","ast-hfb-mobile-header-display":"","site-post-title":"","ast-breadcrumbs-content":"","ast-featured-img":"","footer-sml-layout":"","ast-disable-related-posts":"","theme-transparent-header-meta":"default","adv-header-id-meta":"","stick-header-meta":"default","header-above-stick-meta":"","header-main-stick-meta":"","header-below-stick-meta":"","astra-migrate-meta-layouts":"default","ast-page-background-enabled":"default","ast-page-background-meta":{"desktop":{"background-color":"","background-image":"","background-repeat":"repeat","background-position":"center center","background-size":"auto","background-attachment":"scroll","background-type":"","background-media":"","overlay-type":"","overlay-color":"","overlay-opacity":"","overlay-gradient":""},"tablet":{"background-color":"","background-image":"","background-repeat":"repeat","background-position":"center center","background-size":"auto","background-attachment":"scroll","background-type":"","background-media":"","overlay-type":"","overlay-color":"","overlay-opacity":"","overlay-gradient":""},"mobile":{"background-color":"","background-image":"","background-repeat":"repeat","background-position":"center center","background-size":"auto","background-attachment":"scroll","background-type":"","background-media":"","overlay-type":"","overlay-color":"","overlay-opacity":"","overlay-gradient":""}},"ast-content-background-meta":{"desktop":{"background-color":"var(--ast-global-color-5)","background-image":"","background-repeat":"repeat","background-position":"center center","background-size":"auto","background-attachment":"scroll","background-type":"","background-media":"","overlay-type":"","overlay-color":"","overlay-opacity":"","overlay-gradient":""},"tablet":{"background-color":"var(--ast-global-color-5)","background-image":"","background-repeat":"repeat","background-position":"center center","background-size":"auto","background-attachment":"scroll","background-type":"","background-media":"","overlay-type":"","overlay-color":"","overlay-opacity":"","overlay-gradient":""},"mobile":{"background-color":"var(--ast-global-color-5)","background-image":"","background-repeat":"repeat","background-position":"center center","background-size":"auto","background-attachment":"scroll","background-type":"","background-media":"","overlay-type":"","overlay-color":"","overlay-opacity":"","overlay-gradient":""}}},"product_brand":[],"product_cat":[99,98],"product_tag":[188],"class_list":{"0":"post-2606","1":"product","2":"type-product","3":"status-publish","4":"has-post-thumbnail","6":"product_cat-hommes","7":"product_cat-sweat-a-capuche-hommes","8":"product_tag-lignes-de-reflexion","9":"desktop-align-center","10":"tablet-align-left","11":"mobile-align-left","12":"ast-product-gallery-layout-horizontal-slider","13":"ast-product-single-variable","14":"ast-product-tabs-layout-vertical","15":"ast-qv-on-image","17":"first","18":"instock","19":"shipping-taxable","20":"purchasable","21":"product-type-variable"},"aioseo_notices":[],"uagb_featured_image_src":{"full":["https:\/\/inkiz.shop\/wp-content\/uploads\/2025\/05\/ef6ca7fc-f3d6-4b5e-a760-869733cb1acf.jpg",2048,2048,false],"thumbnail":["https:\/\/inkiz.shop\/wp-content\/uploads\/2025\/05\/ef6ca7fc-f3d6-4b5e-a760-869733cb1acf-150x150.jpg",150,150,true],"medium":["https:\/\/inkiz.shop\/wp-content\/uploads\/2025\/05\/ef6ca7fc-f3d6-4b5e-a760-869733cb1acf-300x300.jpg",300,300,true],"medium_large":["https:\/\/inkiz.shop\/wp-content\/uploads\/2025\/05\/ef6ca7fc-f3d6-4b5e-a760-869733cb1acf-768x768.jpg",768,768,true],"large":["https:\/\/inkiz.shop\/wp-content\/uploads\/2025\/05\/ef6ca7fc-f3d6-4b5e-a760-869733cb1acf-1024x1024.jpg",1024,1024,true],"1536x1536":["https:\/\/inkiz.shop\/wp-content\/uploads\/2025\/05\/ef6ca7fc-f3d6-4b5e-a760-869733cb1acf-1536x1536.jpg",1536,1536,true],"2048x2048":["https:\/\/inkiz.shop\/wp-content\/uploads\/2025\/05\/ef6ca7fc-f3d6-4b5e-a760-869733cb1acf.jpg",2048,2048,false],"mailpoet_newsletter_max":["https:\/\/inkiz.shop\/wp-content\/uploads\/2025\/05\/ef6ca7fc-f3d6-4b5e-a760-869733cb1acf.jpg",1320,1320,false],"woocommerce_thumbnail":["https:\/\/inkiz.shop\/wp-content\/uploads\/2025\/05\/ef6ca7fc-f3d6-4b5e-a760-869733cb1acf-300x300.jpg",300,300,true],"woocommerce_single":["https:\/\/inkiz.shop\/wp-content\/uploads\/2025\/05\/ef6ca7fc-f3d6-4b5e-a760-869733cb1acf-600x600.jpg",600,600,true],"woocommerce_gallery_thumbnail":["https:\/\/inkiz.shop\/wp-content\/uploads\/2025\/05\/ef6ca7fc-f3d6-4b5e-a760-869733cb1acf-100x100.jpg",100,100,true]},"uagb_author_info":{"display_name":"inkiz","author_link":"https:\/\/inkiz.shop\/fr\/author\/"},"uagb_comment_info":0,"uagb_excerpt":"Enveloppez-vous de confort et de cr\u00e9ativit\u00e9 avec le sweat \u00e0 capuche Lines of Thoughts qui pr\u00e9sente un visage abstrait sur un sweat-shirt \u00e9cologique et ultra-doux.","_links":{"self":[{"href":"https:\/\/inkiz.shop\/fr\/wp-json\/wp\/v2\/product\/2606","targetHints":{"allow":["GET"]}}],"collection":[{"href":"https:\/\/inkiz.shop\/fr\/wp-json\/wp\/v2\/product"}],"about":[{"href":"https:\/\/inkiz.shop\/fr\/wp-json\/wp\/v2\/types\/product"}],"replies":[{"embeddable":true,"href":"https:\/\/inkiz.shop\/fr\/wp-json\/wp\/v2\/comments?post=2606"}],"wp:featuredmedia":[{"embeddable":true,"href":"https:\/\/inkiz.shop\/fr\/wp-json\/wp\/v2\/media\/2167"}],"wp:attachment":[{"href":"https:\/\/inkiz.shop\/fr\/wp-json\/wp\/v2\/media?parent=2606"}],"wp:term":[{"taxonomy":"product_brand","embeddable":true,"href":"https:\/\/inkiz.shop\/fr\/wp-json\/wp\/v2\/product_brand?post=2606"},{"taxonomy":"product_cat","embeddable":true,"href":"https:\/\/inkiz.shop\/fr\/wp-json\/wp\/v2\/product_cat?post=2606"},{"taxonomy":"product_tag","embeddable":true,"href":"https:\/\/inkiz.shop\/fr\/wp-json\/wp\/v2\/product_tag?post=2606"}],"curies":[{"name":"wp","href":"https:\/\/api.w.org\/{rel}","templated":true}]}}