{"id":2804,"date":"2025-05-13T13:33:59","date_gmt":"2025-05-13T13:33:59","guid":{"rendered":"https:\/\/inkiz.shop\/product\/dark-red-heart-t-shirt-classique-pour-femme-minimalist-art-tee\/"},"modified":"2025-05-15T21:43:39","modified_gmt":"2025-05-15T21:43:39","slug":"dark-red-heart-t-shirt-classique-pour-femme-minimalist-art-tee","status":"publish","type":"product","link":"https:\/\/inkiz.shop\/fr\/product\/dark-red-heart-t-shirt-classique-pour-femme-minimalist-art-tee\/","title":{"rendered":"Dark Red Heart T-Shirt classique pour femme &#8211; Minimalist Art Tee"},"content":{"rendered":"<h2><b>Dark Red Heart T-Shirt classique pour femme &#8211; Minimalist Art Tee<\/b><\/h2>\n<p class=\"p3\">Ce t-shirt <span class=\"s2\"><b>t-shirt \u00e0 c\u0153ur rouge fonc\u00e9<\/b><\/span> est un m\u00e9lange parfait de confort quotidien et de style expressif. Avec ses lignes \u00e9pur\u00e9es et son tissu en coton doux, il est con\u00e7u pour devenir votre nouveau tee-shirt pr\u00e9f\u00e9r\u00e9, que vous vous habilliez avec des couches ou que vous restiez simple. <\/p>\n<p class=\"p3\">Le c\u0153ur stylis\u00e9 rouge fonc\u00e9 ajoute une touche d&rsquo;\u00e9motion et d&rsquo;originalit\u00e9, ce qui en fait une \u0153uvre d&rsquo;art minimaliste portable qui parle sans dire un mot.<\/p>\n<h3><b>\ud83d\udc5a Con\u00e7u pour la confiance au quotidien<\/b><\/h3>\n<ul>\n<li>\n<p class=\"p1\"><span class=\"s1\"><b>Design :<\/b><\/span> C\u0153ur stylis\u00e9 rouge fonc\u00e9 &#8211; artistique, \u00e9motionnel et moderne<\/p>\n<\/li>\n<li>\n<p class=\"p1\"><span class=\"s1\"><b>Coupe :<\/b><\/span> Semi-ajust\u00e9e avec des coutures lat\u00e9rales pour mettre en valeur les courbes naturelles<\/p>\n<\/li>\n<li>\n<p class=\"p1\"><span class=\"s1\"><b>Tissu :<\/b><\/span> 100% coton ring-spun pour un toucher doux et respirant<\/p>\n<\/li>\n<li>\n<p class=\"p1\"><span class=\"s1\"><b>Durabilit\u00e9 :<\/b><\/span> Bande adh\u00e9sive au niveau de l&rsquo;encolure et des \u00e9paules pour conserver la forme<\/p>\n<\/li>\n<li>\n<p class=\"p1\"><span class=\"s1\"><b>\u00c9thique :<\/b><\/span> Produit selon des proc\u00e9d\u00e9s respectueux de l&rsquo;environnement<\/p>\n<\/li>\n<\/ul>\n<h3><b>\u2764\ufe0f Simple. Fort. \u00c9l\u00e9gant.  <\/b><\/h3>\n<p class=\"p3\">Que vous l&rsquo;associiez \u00e0 un jean, \u00e0 une jupe ou que vous le superposiez sous un blazer, ce <span class=\"s2\"><b>t-shirt \u00e0 c\u0153ur rouge fonc\u00e9<\/b><\/span> est aussi polyvalent que significatif. Exprimez-vous avec de l&rsquo;art portable et profitez d&rsquo;un confort qui dure toute la journ\u00e9e. <\/p>\n<p class=\"p1\"><span class=\"s1\">\ud83d\uded2 <\/span><b>Ajoutez du c\u0153ur \u00e0 votre tenue &#8211; achetez d\u00e8s aujourd&rsquo;hui le t-shirt classique \u00e0 c\u0153ur rouge fonc\u00e9 pour femmes.<\/b><b><\/b><\/p>\n","protected":false},"excerpt":{"rendered":"<p class=\"p1\">Doux, simple et subtilement artistique, ce tee-shirt classique pour femme pr\u00e9sente un motif de c\u0153ur rouge fonc\u00e9 audacieux qui ajoute de l&rsquo;\u00e9motion \u00e0 n&rsquo;importe quel look d\u00e9contract\u00e9.<\/p>\n","protected":false},"featured_media":1929,"comment_status":"open","ping_status":"closed","template":"","meta":{"_uag_custom_page_level_css":"","site-sidebar-layout":"default","site-content-layout":"","ast-site-content-layout":"default","site-content-style":"default","site-sidebar-style":"default","ast-global-header-display":"","ast-banner-title-visibility":"","ast-main-header-display":"","ast-hfb-above-header-display":"","ast-hfb-below-header-display":"","ast-hfb-mobile-header-display":"","site-post-title":"","ast-breadcrumbs-content":"","ast-featured-img":"","footer-sml-layout":"","ast-disable-related-posts":"","theme-transparent-header-meta":"default","adv-header-id-meta":"","stick-header-meta":"","header-above-stick-meta":"","header-main-stick-meta":"","header-below-stick-meta":"","astra-migrate-meta-layouts":"default","ast-page-background-enabled":"default","ast-page-background-meta":{"desktop":{"background-color":"","background-image":"","background-repeat":"repeat","background-position":"center center","background-size":"auto","background-attachment":"scroll","background-type":"","background-media":"","overlay-type":"","overlay-color":"","overlay-opacity":"","overlay-gradient":""},"tablet":{"background-color":"","background-image":"","background-repeat":"repeat","background-position":"center center","background-size":"auto","background-attachment":"scroll","background-type":"","background-media":"","overlay-type":"","overlay-color":"","overlay-opacity":"","overlay-gradient":""},"mobile":{"background-color":"","background-image":"","background-repeat":"repeat","background-position":"center center","background-size":"auto","background-attachment":"scroll","background-type":"","background-media":"","overlay-type":"","overlay-color":"","overlay-opacity":"","overlay-gradient":""}},"ast-content-background-meta":{"desktop":{"background-color":"var(--ast-global-color-5)","background-image":"","background-repeat":"repeat","background-position":"center center","background-size":"auto","background-attachment":"scroll","background-type":"","background-media":"","overlay-type":"","overlay-color":"","overlay-opacity":"","overlay-gradient":""},"tablet":{"background-color":"var(--ast-global-color-5)","background-image":"","background-repeat":"repeat","background-position":"center center","background-size":"auto","background-attachment":"scroll","background-type":"","background-media":"","overlay-type":"","overlay-color":"","overlay-opacity":"","overlay-gradient":""},"mobile":{"background-color":"var(--ast-global-color-5)","background-image":"","background-repeat":"repeat","background-position":"center center","background-size":"auto","background-attachment":"scroll","background-type":"","background-media":"","overlay-type":"","overlay-color":"","overlay-opacity":"","overlay-gradient":""}}},"product_brand":[],"product_cat":[79,134],"product_tag":[72,57],"class_list":{"0":"post-2804","1":"product","2":"type-product","3":"status-publish","4":"has-post-thumbnail","6":"product_cat-women","7":"product_cat-women-t-shirt","8":"product_tag-scribbed-heart","9":"product_tag-heart-colored","10":"desktop-align-center","11":"tablet-align-left","12":"mobile-align-left","13":"ast-product-gallery-layout-horizontal-slider","14":"ast-product-single-variable","15":"ast-product-tabs-layout-vertical","16":"ast-qv-on-image","18":"first","19":"instock","20":"shipping-taxable","21":"purchasable","22":"product-type-variable"},"aioseo_notices":[],"uagb_featured_image_src":{"full":["https:\/\/inkiz.shop\/wp-content\/uploads\/2025\/05\/8a1d1173-02a5-46f6-969b-74cbbc3f584d.jpg",2048,2048,false],"thumbnail":["https:\/\/inkiz.shop\/wp-content\/uploads\/2025\/05\/8a1d1173-02a5-46f6-969b-74cbbc3f584d-150x150.jpg",150,150,true],"medium":["https:\/\/inkiz.shop\/wp-content\/uploads\/2025\/05\/8a1d1173-02a5-46f6-969b-74cbbc3f584d-300x300.jpg",300,300,true],"medium_large":["https:\/\/inkiz.shop\/wp-content\/uploads\/2025\/05\/8a1d1173-02a5-46f6-969b-74cbbc3f584d-768x768.jpg",768,768,true],"large":["https:\/\/inkiz.shop\/wp-content\/uploads\/2025\/05\/8a1d1173-02a5-46f6-969b-74cbbc3f584d-1024x1024.jpg",1024,1024,true],"1536x1536":["https:\/\/inkiz.shop\/wp-content\/uploads\/2025\/05\/8a1d1173-02a5-46f6-969b-74cbbc3f584d-1536x1536.jpg",1536,1536,true],"2048x2048":["https:\/\/inkiz.shop\/wp-content\/uploads\/2025\/05\/8a1d1173-02a5-46f6-969b-74cbbc3f584d.jpg",2048,2048,false],"mailpoet_newsletter_max":["https:\/\/inkiz.shop\/wp-content\/uploads\/2025\/05\/8a1d1173-02a5-46f6-969b-74cbbc3f584d.jpg",1320,1320,false],"woocommerce_thumbnail":["https:\/\/inkiz.shop\/wp-content\/uploads\/2025\/05\/8a1d1173-02a5-46f6-969b-74cbbc3f584d-300x300.jpg",300,300,true],"woocommerce_single":["https:\/\/inkiz.shop\/wp-content\/uploads\/2025\/05\/8a1d1173-02a5-46f6-969b-74cbbc3f584d-600x600.jpg",600,600,true],"woocommerce_gallery_thumbnail":["https:\/\/inkiz.shop\/wp-content\/uploads\/2025\/05\/8a1d1173-02a5-46f6-969b-74cbbc3f584d-100x100.jpg",100,100,true]},"uagb_author_info":{"display_name":"inkiz","author_link":"https:\/\/inkiz.shop\/fr\/author\/"},"uagb_comment_info":0,"uagb_excerpt":"Doux, simple et subtilement artistique, ce tee-shirt classique pour femme pr\u00e9sente un motif de c\u0153ur rouge fonc\u00e9 audacieux qui ajoute de l'\u00e9motion \u00e0 n'importe quel look d\u00e9contract\u00e9.","_links":{"self":[{"href":"https:\/\/inkiz.shop\/fr\/wp-json\/wp\/v2\/product\/2804","targetHints":{"allow":["GET"]}}],"collection":[{"href":"https:\/\/inkiz.shop\/fr\/wp-json\/wp\/v2\/product"}],"about":[{"href":"https:\/\/inkiz.shop\/fr\/wp-json\/wp\/v2\/types\/product"}],"replies":[{"embeddable":true,"href":"https:\/\/inkiz.shop\/fr\/wp-json\/wp\/v2\/comments?post=2804"}],"wp:featuredmedia":[{"embeddable":true,"href":"https:\/\/inkiz.shop\/fr\/wp-json\/wp\/v2\/media\/1929"}],"wp:attachment":[{"href":"https:\/\/inkiz.shop\/fr\/wp-json\/wp\/v2\/media?parent=2804"}],"wp:term":[{"taxonomy":"product_brand","embeddable":true,"href":"https:\/\/inkiz.shop\/fr\/wp-json\/wp\/v2\/product_brand?post=2804"},{"taxonomy":"product_cat","embeddable":true,"href":"https:\/\/inkiz.shop\/fr\/wp-json\/wp\/v2\/product_cat?post=2804"},{"taxonomy":"product_tag","embeddable":true,"href":"https:\/\/inkiz.shop\/fr\/wp-json\/wp\/v2\/product_tag?post=2804"}],"curies":[{"name":"wp","href":"https:\/\/api.w.org\/{rel}","templated":true}]}}