{"id":2873,"date":"2025-05-13T13:32:32","date_gmt":"2025-05-13T13:32:32","guid":{"rendered":"https:\/\/inkiz.shop\/product\/sweat-a-capuche-court-dark-red-heart-pour-femme-artistic-minimalist-streetwear\/"},"modified":"2025-05-25T19:49:16","modified_gmt":"2025-05-25T19:49:16","slug":"sweat-a-capuche-court-dark-red-heart-pour-femme-artistic-minimalist-streetwear","status":"publish","type":"product","link":"https:\/\/inkiz.shop\/fr\/product\/sweat-a-capuche-court-dark-red-heart-pour-femme-artistic-minimalist-streetwear\/","title":{"rendered":"Sweat \u00e0 capuche court Dark Red Heart pour femme &#8211; Artistic Minimalist Streetwear"},"content":{"rendered":"<h2><b>Sweat \u00e0 capuche court Dark Red Heart pour femme &#8211; Artistic Minimalist Streetwear<\/b><\/h2>\n<p class=\"p3\">Rehaussez votre garde-robe d\u00e9contract\u00e9e avec ce <span class=\"s2\"><b>sweat \u00e0 capuche \u00e0 c\u0153ur rouge fonc\u00e9. <\/b><\/span>Ce sweat \u00e0 capuche est con\u00e7u pour les personnes qui aiment le confort et le caract\u00e8re. Le motif minimaliste en forme de c\u0153ur ajoute de l&rsquo;\u00e9motion \u00e0 une silhouette autrement \u00e9pur\u00e9e, parfaite pour faire des d\u00e9clarations subtiles. <\/p>\n<p class=\"p3\">Sa coupe courte, son ourlet brut et ses \u00e9paules tombantes offrent une coupe moderne et d\u00e9contract\u00e9e qui s&rsquo;associe sans effort avec des jeans taille haute, des leggings ou des jupes. Le cordon de serrage teint\u00e9 dans la masse ajoute une touche raffin\u00e9e et coordonn\u00e9e. <\/p>\n<h3><b>\u2728 Caract\u00e9ristiques principales<\/b><\/h3>\n<ul>\n<li>\n<p class=\"p1\"><span class=\"s1\"><b>Design :<\/b><\/span> Coeur stylis\u00e9 rouge fonc\u00e9 &#8211; minimaliste et expressif<\/p>\n<\/li>\n<li>\n<p class=\"p1\"><span class=\"s1\"><b>Coupe :<\/b><\/span> Coupe courte avec ourlet brut pour un look tendance.<\/p>\n<\/li>\n<li>\n<p class=\"p1\"><span class=\"s1\"><b>Confort :<\/b><\/span> Doux et respirant &#8211; 52% coton Airlume \/ 48% poly polaire<\/p>\n<\/li>\n<li>\n<p class=\"p1\"><span class=\"s1\"><b>D\u00e9tails :<\/b><\/span> \u00c9paules tombantes, cordon de serrage teint\u00e9 dans la masse et poignets c\u00f4tel\u00e9s.<\/p>\n<\/li>\n<li>\n<p class=\"p1\"><span class=\"s1\"><b>Poids :<\/b><\/span> Poids moyen (8.0 oz) &#8211; id\u00e9al pour une superposition tout au long de l&rsquo;ann\u00e9e<\/p>\n<\/li>\n<\/ul>\n<h3><b>\ud83d\udca5 La mode rencontre le sens<\/b><\/h3>\n<p class=\"p3\">Que vous soyez en ville ou \u00e0 la maison, ce sweat \u00e0 capuche \u00e0 c\u0153ur <span class=\"s2\"><b>sweat \u00e0 capuche \u00e0 c\u0153ur rouge fonc\u00e9<\/b><\/span> vous garde au chaud tout en laissant votre style s&rsquo;exprimer. Une d\u00e9claration de douceur et de force &#8211; portez votre c\u0153ur avec audace. <\/p>\n<p class=\"p1\"><span class=\"s1\">\ud83d\uded2 <\/span><b>Obtenez le v\u00f4tre maintenant et montrez le pouvoir de l&rsquo;\u00e9motion minimaliste.<\/b><b><\/b><\/p>\n","protected":false},"excerpt":{"rendered":"<p class=\"p1\">Minimaliste, audacieux et ultra-doux, ce sweat \u00e0 capuche court orn\u00e9 d&rsquo;un motif de c\u0153ur rouge fonc\u00e9 ajoute une touche d&rsquo;\u00e9l\u00e9gance \u00e0 tout look streetwear.<\/p>\n","protected":false},"featured_media":1921,"comment_status":"open","ping_status":"closed","template":"","meta":{"_uag_custom_page_level_css":"","site-sidebar-layout":"default","site-content-layout":"","ast-site-content-layout":"default","site-content-style":"default","site-sidebar-style":"default","ast-global-header-display":"","ast-banner-title-visibility":"","ast-main-header-display":"","ast-hfb-above-header-display":"","ast-hfb-below-header-display":"","ast-hfb-mobile-header-display":"","site-post-title":"","ast-breadcrumbs-content":"","ast-featured-img":"","footer-sml-layout":"","ast-disable-related-posts":"","theme-transparent-header-meta":"default","adv-header-id-meta":"","stick-header-meta":"","header-above-stick-meta":"","header-main-stick-meta":"","header-below-stick-meta":"","astra-migrate-meta-layouts":"default","ast-page-background-enabled":"default","ast-page-background-meta":{"desktop":{"background-color":"","background-image":"","background-repeat":"repeat","background-position":"center center","background-size":"auto","background-attachment":"scroll","background-type":"","background-media":"","overlay-type":"","overlay-color":"","overlay-opacity":"","overlay-gradient":""},"tablet":{"background-color":"","background-image":"","background-repeat":"repeat","background-position":"center center","background-size":"auto","background-attachment":"scroll","background-type":"","background-media":"","overlay-type":"","overlay-color":"","overlay-opacity":"","overlay-gradient":""},"mobile":{"background-color":"","background-image":"","background-repeat":"repeat","background-position":"center center","background-size":"auto","background-attachment":"scroll","background-type":"","background-media":"","overlay-type":"","overlay-color":"","overlay-opacity":"","overlay-gradient":""}},"ast-content-background-meta":{"desktop":{"background-color":"var(--ast-global-color-5)","background-image":"","background-repeat":"repeat","background-position":"center center","background-size":"auto","background-attachment":"scroll","background-type":"","background-media":"","overlay-type":"","overlay-color":"","overlay-opacity":"","overlay-gradient":""},"tablet":{"background-color":"var(--ast-global-color-5)","background-image":"","background-repeat":"repeat","background-position":"center center","background-size":"auto","background-attachment":"scroll","background-type":"","background-media":"","overlay-type":"","overlay-color":"","overlay-opacity":"","overlay-gradient":""},"mobile":{"background-color":"var(--ast-global-color-5)","background-image":"","background-repeat":"repeat","background-position":"center center","background-size":"auto","background-attachment":"scroll","background-type":"","background-media":"","overlay-type":"","overlay-color":"","overlay-opacity":"","overlay-gradient":""}}},"product_brand":[],"product_cat":[79,138],"product_tag":[72,57],"class_list":{"0":"post-2873","1":"product","2":"type-product","3":"status-publish","4":"has-post-thumbnail","6":"product_cat-women","7":"product_cat-women-hoodie","8":"product_tag-scribbed-heart","9":"product_tag-heart-colored","10":"desktop-align-center","11":"tablet-align-left","12":"mobile-align-left","13":"ast-product-gallery-layout-horizontal-slider","14":"ast-product-single-variable","15":"ast-product-tabs-layout-vertical","16":"ast-qv-on-image","18":"first","19":"instock","20":"shipping-taxable","21":"purchasable","22":"product-type-variable"},"aioseo_notices":[],"uagb_featured_image_src":{"full":["https:\/\/inkiz.shop\/wp-content\/uploads\/2025\/05\/dc86e52c-f389-49bd-a268-2421d997c354.jpg",2048,2048,false],"thumbnail":["https:\/\/inkiz.shop\/wp-content\/uploads\/2025\/05\/dc86e52c-f389-49bd-a268-2421d997c354-150x150.jpg",150,150,true],"medium":["https:\/\/inkiz.shop\/wp-content\/uploads\/2025\/05\/dc86e52c-f389-49bd-a268-2421d997c354-300x300.jpg",300,300,true],"medium_large":["https:\/\/inkiz.shop\/wp-content\/uploads\/2025\/05\/dc86e52c-f389-49bd-a268-2421d997c354-768x768.jpg",768,768,true],"large":["https:\/\/inkiz.shop\/wp-content\/uploads\/2025\/05\/dc86e52c-f389-49bd-a268-2421d997c354-1024x1024.jpg",1024,1024,true],"1536x1536":["https:\/\/inkiz.shop\/wp-content\/uploads\/2025\/05\/dc86e52c-f389-49bd-a268-2421d997c354-1536x1536.jpg",1536,1536,true],"2048x2048":["https:\/\/inkiz.shop\/wp-content\/uploads\/2025\/05\/dc86e52c-f389-49bd-a268-2421d997c354.jpg",2048,2048,false],"mailpoet_newsletter_max":["https:\/\/inkiz.shop\/wp-content\/uploads\/2025\/05\/dc86e52c-f389-49bd-a268-2421d997c354.jpg",1320,1320,false],"woocommerce_thumbnail":["https:\/\/inkiz.shop\/wp-content\/uploads\/2025\/05\/dc86e52c-f389-49bd-a268-2421d997c354-300x300.jpg",300,300,true],"woocommerce_single":["https:\/\/inkiz.shop\/wp-content\/uploads\/2025\/05\/dc86e52c-f389-49bd-a268-2421d997c354-600x600.jpg",600,600,true],"woocommerce_gallery_thumbnail":["https:\/\/inkiz.shop\/wp-content\/uploads\/2025\/05\/dc86e52c-f389-49bd-a268-2421d997c354-100x100.jpg",100,100,true]},"uagb_author_info":{"display_name":"inkiz","author_link":"https:\/\/inkiz.shop\/fr\/author\/"},"uagb_comment_info":0,"uagb_excerpt":"Minimaliste, audacieux et ultra-doux, ce sweat \u00e0 capuche court orn\u00e9 d'un motif de c\u0153ur rouge fonc\u00e9 ajoute une touche d'\u00e9l\u00e9gance \u00e0 tout look streetwear.","_links":{"self":[{"href":"https:\/\/inkiz.shop\/fr\/wp-json\/wp\/v2\/product\/2873","targetHints":{"allow":["GET"]}}],"collection":[{"href":"https:\/\/inkiz.shop\/fr\/wp-json\/wp\/v2\/product"}],"about":[{"href":"https:\/\/inkiz.shop\/fr\/wp-json\/wp\/v2\/types\/product"}],"replies":[{"embeddable":true,"href":"https:\/\/inkiz.shop\/fr\/wp-json\/wp\/v2\/comments?post=2873"}],"wp:featuredmedia":[{"embeddable":true,"href":"https:\/\/inkiz.shop\/fr\/wp-json\/wp\/v2\/media\/1921"}],"wp:attachment":[{"href":"https:\/\/inkiz.shop\/fr\/wp-json\/wp\/v2\/media?parent=2873"}],"wp:term":[{"taxonomy":"product_brand","embeddable":true,"href":"https:\/\/inkiz.shop\/fr\/wp-json\/wp\/v2\/product_brand?post=2873"},{"taxonomy":"product_cat","embeddable":true,"href":"https:\/\/inkiz.shop\/fr\/wp-json\/wp\/v2\/product_cat?post=2873"},{"taxonomy":"product_tag","embeddable":true,"href":"https:\/\/inkiz.shop\/fr\/wp-json\/wp\/v2\/product_tag?post=2873"}],"curies":[{"name":"wp","href":"https:\/\/api.w.org\/{rel}","templated":true}]}}