{"id":5214,"date":"2025-06-29T20:32:03","date_gmt":"2025-06-29T20:32:03","guid":{"rendered":"https:\/\/inkiz.shop\/product\/urban-strain-abstract-face-unisex-soft-cotton-t-shirt-black-white-urban-art-print-2\/"},"modified":"2025-10-05T15:59:53","modified_gmt":"2025-10-05T15:59:53","slug":"urban-strain-abstract-face-unisex-soft-cotton-t-shirt-black-white-urban-art-print-2","status":"publish","type":"product","link":"https:\/\/inkiz.shop\/fr\/product\/urban-strain-abstract-face-unisex-soft-cotton-t-shirt-black-white-urban-art-print-2\/","title":{"rendered":"Urban Strain &#8211; Abstract Face Unisex Soft Cotton T-Shirt | Black &amp; White Urban Art Print"},"content":{"rendered":"<p>Un visage abstrait qui capture la tension et l&rsquo;\u00e9nergie brute de la vie urbaine. Avec ses lignes audacieuses et expressives, ce motif apporte de l&rsquo;art et de l&rsquo;attitude \u00e0 votre look de tous les jours. <\/p>\n<p><\/p>\n<p>\u2714 Tissu en coton super doux parfait pour des impressions DTG nettes et d\u00e9taill\u00e9es<\/p>\n<p>\u2714 Col double aiguille sans couture avec haute densit\u00e9 de points pour une surface d&rsquo;impression plus lisse<\/p>\n<p>\u2714 \u00c9tiquette d\u00e9tachable pour plus de confort ou pour faciliter le changement de marque<\/p>\n<p>\u2714 Coupe tubulaire qui minimise les torsions et conserve sa forme lavage apr\u00e8s lavage<\/p>\n<\/p>\n<p>\u2714 Large choix de couleurs pour s&rsquo;adapter \u00e0 votre style et \u00e0 votre humeur<\/p>\n<ul>\n<\/ul>\n<p><strong>Guide des tailles<\/strong><\/p>\n<table>\n<tbody>\n<tr>\n<td> <\/td>\n<td><strong>S<\/strong><\/td>\n<td><strong>M<\/strong><\/td>\n<td><strong>L<\/strong><\/td>\n<td><strong>XL<\/strong><\/td>\n<td><strong>2XL<\/strong><\/td>\n<td><strong>3XL<\/strong><\/td>\n<\/tr>\n<tr>\n<td><strong>A) Longueur (cm)<\/strong><\/td>\n<td>71<\/td>\n<td>74<\/td>\n<td>76<\/td>\n<td>79<\/td>\n<td>81<\/td>\n<td>85<\/td>\n<\/tr>\n<tr>\n<td><strong>B) Largeur (cm)<\/strong><\/td>\n<td>92<\/td>\n<td>102<\/td>\n<td>112<\/td>\n<td>122<\/td>\n<td>132<\/td>\n<td>142<\/td>\n<\/tr>\n<tr>\n<td><strong>B) <\/strong><b>Demi-poitrine<\/b><strong> (cm)<\/strong><\/td>\n<td>46<\/td>\n<td>51<\/td>\n<td>56<\/td>\n<td>61<\/td>\n<td>66<\/td>\n<td>71<\/td>\n<\/tr>\n<\/tbody>\n<\/table>\n<p><strong>Instructions d&rsquo;entretien<\/strong><\/p>\n<table>\n<tbody>\n<tr>\n<td>G\u00e9n\u00e9ralit\u00e9s<\/td>\n<td>Un t-shirt confortable, polyvalent et durable, qui se distingue par sa facilit\u00e9 d&rsquo;impression et son confort, ce qui en fait un meilleur choix pour les cr\u00e9ations personnalis\u00e9es.<\/td>\n<\/tr>\n<tr>\n<td>Lavage<\/td>\n<td>Il est recommand\u00e9 de laver le t-shirt avec des couleurs similaires. Il peut supporter des lavages fr\u00e9quents sans perdre sa couleur ou sa forme. <\/td>\n<\/tr>\n<tr>\n<td>S\u00e9chage<\/td>\n<td>S\u00e9chez par culbutage \u00e0 basse temp\u00e9rature ou suspendez \u00e0 l&rsquo;air libre pour pr\u00e9server l&rsquo;int\u00e9grit\u00e9 de l&rsquo;impression et du tissu.<\/td>\n<\/tr>\n<tr>\n<td>Stockage<\/td>\n<td>Conservez le t-shirt dans un endroit frais et sec, \u00e0 l&rsquo;abri de la lumi\u00e8re directe du soleil, afin de pr\u00e9server la couleur et l&rsquo;int\u00e9grit\u00e9 du tissu.<\/td>\n<\/tr>\n<\/tbody>\n<\/table>\n","protected":false},"excerpt":{"rendered":"<p>Un visage abstrait qui capture la tension et l&rsquo;\u00e9nergie brute de la vie urbaine. Avec ses lignes audacieuses et expressives, ce motif apporte de l&rsquo;art et de l&rsquo;attitude \u00e0 votre look de tous les jours. \u2714 Tissu en coton super doux parfait pour des impressions DTG nettes et d\u00e9taill\u00e9es \u2714 Col double aiguille sans couture [&hellip;]<\/p>\n","protected":false},"featured_media":3997,"comment_status":"open","ping_status":"closed","template":"","meta":{"_uag_custom_page_level_css":"","site-sidebar-layout":"default","site-content-layout":"","ast-site-content-layout":"default","site-content-style":"default","site-sidebar-style":"default","ast-global-header-display":"","ast-banner-title-visibility":"","ast-main-header-display":"","ast-hfb-above-header-display":"","ast-hfb-below-header-display":"","ast-hfb-mobile-header-display":"","site-post-title":"","ast-breadcrumbs-content":"","ast-featured-img":"","footer-sml-layout":"","ast-disable-related-posts":"","theme-transparent-header-meta":"default","adv-header-id-meta":"","stick-header-meta":"default","header-above-stick-meta":"","header-main-stick-meta":"","header-below-stick-meta":"","astra-migrate-meta-layouts":"default","ast-page-background-enabled":"default","ast-page-background-meta":{"desktop":{"background-color":"","background-image":"","background-repeat":"repeat","background-position":"center center","background-size":"auto","background-attachment":"scroll","background-type":"","background-media":"","overlay-type":"","overlay-color":"","overlay-opacity":"","overlay-gradient":""},"tablet":{"background-color":"","background-image":"","background-repeat":"repeat","background-position":"center center","background-size":"auto","background-attachment":"scroll","background-type":"","background-media":"","overlay-type":"","overlay-color":"","overlay-opacity":"","overlay-gradient":""},"mobile":{"background-color":"","background-image":"","background-repeat":"repeat","background-position":"center center","background-size":"auto","background-attachment":"scroll","background-type":"","background-media":"","overlay-type":"","overlay-color":"","overlay-opacity":"","overlay-gradient":""}},"ast-content-background-meta":{"desktop":{"background-color":"var(--ast-global-color-5)","background-image":"","background-repeat":"repeat","background-position":"center center","background-size":"auto","background-attachment":"scroll","background-type":"","background-media":"","overlay-type":"","overlay-color":"","overlay-opacity":"","overlay-gradient":""},"tablet":{"background-color":"var(--ast-global-color-5)","background-image":"","background-repeat":"repeat","background-position":"center center","background-size":"auto","background-attachment":"scroll","background-type":"","background-media":"","overlay-type":"","overlay-color":"","overlay-opacity":"","overlay-gradient":""},"mobile":{"background-color":"var(--ast-global-color-5)","background-image":"","background-repeat":"repeat","background-position":"center center","background-size":"auto","background-attachment":"scroll","background-type":"","background-media":"","overlay-type":"","overlay-color":"","overlay-opacity":"","overlay-gradient":""}}},"product_brand":[],"product_cat":[80,71],"product_tag":[266,260,268,263,270,269,261,262,267,265,185,264,271],"class_list":{"0":"post-5214","1":"product","2":"type-product","3":"status-publish","4":"has-post-thumbnail","6":"product_cat-men","7":"product_cat-men-t-shirt","8":"product_tag-modern-art-unisex-shirt","9":"product_tag-urban-strain-shirt","10":"product_tag-urban-stress-design","11":"product_tag-expressive-line-drawing","12":"product_tag-raw-face-illustration","13":"product_tag-contemporary-line-art","14":"product_tag-abstract-face-t-shirt","15":"product_tag-black-white-art-tee","16":"product_tag-dtg-print-cotton-tee","17":"product_tag-streetwear-graphic-tee","18":"product_tag-urban-strain","19":"product_tag-minimalist-urban-art-top","20":"product_tag-unique-gift-for-art-lovers","21":"desktop-align-center","22":"tablet-align-left","23":"mobile-align-left","24":"ast-product-gallery-layout-horizontal-slider","25":"ast-product-single-variable","26":"ast-product-tabs-layout-vertical","27":"ast-qv-on-image","29":"first","30":"instock","31":"shipping-taxable","32":"purchasable","33":"product-type-variable"},"aioseo_notices":[],"uagb_featured_image_src":{"full":["https:\/\/inkiz.shop\/wp-content\/uploads\/2025\/06\/f470a185-6bbe-4cb0-93bf-f6045e61fba9.jpg",2048,2048,false],"thumbnail":["https:\/\/inkiz.shop\/wp-content\/uploads\/2025\/06\/f470a185-6bbe-4cb0-93bf-f6045e61fba9-150x150.jpg",150,150,true],"medium":["https:\/\/inkiz.shop\/wp-content\/uploads\/2025\/06\/f470a185-6bbe-4cb0-93bf-f6045e61fba9-300x300.jpg",300,300,true],"medium_large":["https:\/\/inkiz.shop\/wp-content\/uploads\/2025\/06\/f470a185-6bbe-4cb0-93bf-f6045e61fba9-768x768.jpg",768,768,true],"large":["https:\/\/inkiz.shop\/wp-content\/uploads\/2025\/06\/f470a185-6bbe-4cb0-93bf-f6045e61fba9-1024x1024.jpg",1024,1024,true],"1536x1536":["https:\/\/inkiz.shop\/wp-content\/uploads\/2025\/06\/f470a185-6bbe-4cb0-93bf-f6045e61fba9-1536x1536.jpg",1536,1536,true],"2048x2048":["https:\/\/inkiz.shop\/wp-content\/uploads\/2025\/06\/f470a185-6bbe-4cb0-93bf-f6045e61fba9.jpg",2048,2048,false],"mailpoet_newsletter_max":["https:\/\/inkiz.shop\/wp-content\/uploads\/2025\/06\/f470a185-6bbe-4cb0-93bf-f6045e61fba9.jpg",1320,1320,false],"woocommerce_thumbnail":["https:\/\/inkiz.shop\/wp-content\/uploads\/2025\/06\/f470a185-6bbe-4cb0-93bf-f6045e61fba9-300x300.jpg",300,300,true],"woocommerce_single":["https:\/\/inkiz.shop\/wp-content\/uploads\/2025\/06\/f470a185-6bbe-4cb0-93bf-f6045e61fba9-600x600.jpg",600,600,true],"woocommerce_gallery_thumbnail":["https:\/\/inkiz.shop\/wp-content\/uploads\/2025\/06\/f470a185-6bbe-4cb0-93bf-f6045e61fba9-100x100.jpg",100,100,true]},"uagb_author_info":{"display_name":"inkiz","author_link":"https:\/\/inkiz.shop\/fr\/author\/"},"uagb_comment_info":0,"uagb_excerpt":"Un visage abstrait qui capture la tension et l&rsquo;\u00e9nergie brute de la vie urbaine. Avec ses lignes audacieuses et expressives, ce motif apporte de l&rsquo;art et de l&rsquo;attitude \u00e0 votre look de tous les jours. \u2714 Tissu en coton super doux parfait pour des impressions DTG nettes et d\u00e9taill\u00e9es \u2714 Col double aiguille sans couture\u2026","_links":{"self":[{"href":"https:\/\/inkiz.shop\/fr\/wp-json\/wp\/v2\/product\/5214","targetHints":{"allow":["GET"]}}],"collection":[{"href":"https:\/\/inkiz.shop\/fr\/wp-json\/wp\/v2\/product"}],"about":[{"href":"https:\/\/inkiz.shop\/fr\/wp-json\/wp\/v2\/types\/product"}],"replies":[{"embeddable":true,"href":"https:\/\/inkiz.shop\/fr\/wp-json\/wp\/v2\/comments?post=5214"}],"wp:featuredmedia":[{"embeddable":true,"href":"https:\/\/inkiz.shop\/fr\/wp-json\/wp\/v2\/media\/3997"}],"wp:attachment":[{"href":"https:\/\/inkiz.shop\/fr\/wp-json\/wp\/v2\/media?parent=5214"}],"wp:term":[{"taxonomy":"product_brand","embeddable":true,"href":"https:\/\/inkiz.shop\/fr\/wp-json\/wp\/v2\/product_brand?post=5214"},{"taxonomy":"product_cat","embeddable":true,"href":"https:\/\/inkiz.shop\/fr\/wp-json\/wp\/v2\/product_cat?post=5214"},{"taxonomy":"product_tag","embeddable":true,"href":"https:\/\/inkiz.shop\/fr\/wp-json\/wp\/v2\/product_tag?post=5214"}],"curies":[{"name":"wp","href":"https:\/\/api.w.org\/{rel}","templated":true}]}}