{"id":5417,"date":"2025-06-22T19:54:27","date_gmt":"2025-06-22T19:54:27","guid":{"rendered":"https:\/\/inkiz.shop\/product\/sweatshirt-court-angry-couple-abstract-print-3\/"},"modified":"2025-07-09T20:18:43","modified_gmt":"2025-07-09T20:18:43","slug":"sweatshirt-court-angry-couple-abstract-print-3","status":"publish","type":"product","link":"https:\/\/inkiz.shop\/fr\/product\/sweatshirt-court-angry-couple-abstract-print-3\/","title":{"rendered":"Sweatshirt court &#8211; Angry Couple Abstract Print"},"content":{"rendered":"<p>Des \u00e9motions fortes, des lignes brutes. Ce sweat-shirt molletonn\u00e9 pr\u00e9sente une puissante illustration abstraite d&rsquo;un couple en col\u00e8re &#8211; un visuel saisissant de tension et de connexion captur\u00e9 d&rsquo;un seul coup d&rsquo;\u0153il. <\/p>\n<p>\ud83d\udda4 \u00c9l\u00e9gant et doux : Le m\u00e9lange polaire est ultra doux sur la peau.<br \/>\n\u2702\ufe0f Coupe \u00e0 la mode : \u00c9paules tombantes, longueur courte, ourlet brut<br \/>\n\ud83c\udfa8 Design expressif : Imprim\u00e9 minimaliste mais charg\u00e9 d&rsquo;\u00e9motion dans le dos<br \/>\n\ud83d\udca8 \u00c0 porter au quotidien : S&rsquo;associe sans effort avec des pantalons taille haute, des jupes ou des superpositions de v\u00eatements de ville<br \/>\n\ud83c\udfaf Coutures lat\u00e9rales et pr\u00e9lavage pour une coupe nette et moderne<\/p>\n<p>Con\u00e7u pour ceux qui portent leurs \u00e9tats d&rsquo;\u00e2me avec fiert\u00e9 et qui aiment l&rsquo;art expressif et portable.<\/p>\n<p>Ce produit est fabriqu\u00e9 sp\u00e9cialement pour vous d\u00e8s que vous passez commande, c&rsquo;est pourquoi il nous faut un peu plus de temps pour vous le livrer. Le fait de fabriquer des produits \u00e0 la demande plut\u00f4t qu&rsquo;en vrac permet de r\u00e9duire la surproduction. Nous vous remercions donc de prendre des d\u00e9cisions d&rsquo;achat r\u00e9fl\u00e9chies ! <\/p>\n<p>Restrictions d&rsquo;\u00e2ge : Pour les adultes<br \/>\nGarantie UE : 2 ans<br \/>\nAutres informations de conformit\u00e9 : Conforme aux exigences en mati\u00e8re de niveau d&rsquo;inflammabilit\u00e9.<\/p>\n<p>Conform\u00e9ment au r\u00e8glement sur la s\u00e9curit\u00e9 g\u00e9n\u00e9rale des produits (RGSP), <b>Inkiz<\/b> s&rsquo;assure que tous les produits de consommation propos\u00e9s sont s\u00fbrs et conformes aux normes de l&rsquo;UE. Pour toute question relative \u00e0 la s\u00e9curit\u00e9 des produits, veuillez nous contacter \u00e0 l&rsquo;adresse <b>inkiz.shop@gmail.com<\/b> ou nous \u00e9crire au <b>6 rue St\u00e9phane Boltar 31270 Cugnaux France.<b><\/b><\/b> <\/p>\n","protected":false},"excerpt":{"rendered":"<p>Des \u00e9motions fortes, des lignes brutes. Ce sweat-shirt molletonn\u00e9 pr\u00e9sente une puissante illustration abstraite d&rsquo;un couple en col\u00e8re &#8211; un visuel saisissant de tension et de connexion captur\u00e9 d&rsquo;un seul coup d&rsquo;\u0153il. \ud83d\udda4 \u00c9l\u00e9gant et doux : Le m\u00e9lange polaire est ultra doux sur la peau. \u2702\ufe0f Coupe \u00e0 la mode : \u00c9paules tombantes, longueur [&hellip;]<\/p>\n","protected":false},"featured_media":3593,"comment_status":"open","ping_status":"closed","template":"","meta":{"_uag_custom_page_level_css":"","site-sidebar-layout":"default","site-content-layout":"","ast-site-content-layout":"default","site-content-style":"default","site-sidebar-style":"default","ast-global-header-display":"","ast-banner-title-visibility":"","ast-main-header-display":"","ast-hfb-above-header-display":"","ast-hfb-below-header-display":"","ast-hfb-mobile-header-display":"","site-post-title":"","ast-breadcrumbs-content":"","ast-featured-img":"","footer-sml-layout":"","ast-disable-related-posts":"","theme-transparent-header-meta":"default","adv-header-id-meta":"","stick-header-meta":"default","header-above-stick-meta":"","header-main-stick-meta":"","header-below-stick-meta":"","astra-migrate-meta-layouts":"default","ast-page-background-enabled":"default","ast-page-background-meta":{"desktop":{"background-color":"","background-image":"","background-repeat":"repeat","background-position":"center center","background-size":"auto","background-attachment":"scroll","background-type":"","background-media":"","overlay-type":"","overlay-color":"","overlay-opacity":"","overlay-gradient":""},"tablet":{"background-color":"","background-image":"","background-repeat":"repeat","background-position":"center center","background-size":"auto","background-attachment":"scroll","background-type":"","background-media":"","overlay-type":"","overlay-color":"","overlay-opacity":"","overlay-gradient":""},"mobile":{"background-color":"","background-image":"","background-repeat":"repeat","background-position":"center center","background-size":"auto","background-attachment":"scroll","background-type":"","background-media":"","overlay-type":"","overlay-color":"","overlay-opacity":"","overlay-gradient":""}},"ast-content-background-meta":{"desktop":{"background-color":"var(--ast-global-color-5)","background-image":"","background-repeat":"repeat","background-position":"center center","background-size":"auto","background-attachment":"scroll","background-type":"","background-media":"","overlay-type":"","overlay-color":"","overlay-opacity":"","overlay-gradient":""},"tablet":{"background-color":"var(--ast-global-color-5)","background-image":"","background-repeat":"repeat","background-position":"center center","background-size":"auto","background-attachment":"scroll","background-type":"","background-media":"","overlay-type":"","overlay-color":"","overlay-opacity":"","overlay-gradient":""},"mobile":{"background-color":"var(--ast-global-color-5)","background-image":"","background-repeat":"repeat","background-position":"center center","background-size":"auto","background-attachment":"scroll","background-type":"","background-media":"","overlay-type":"","overlay-color":"","overlay-opacity":"","overlay-gradient":""}}},"product_brand":[],"product_cat":[101,389],"product_tag":[104],"class_list":{"0":"post-5417","1":"product","2":"type-product","3":"status-publish","4":"has-post-thumbnail","6":"product_cat-femmes","7":"product_cat-sweat-shirt-femme","8":"product_tag-couple-en-colere","9":"desktop-align-center","10":"tablet-align-left","11":"mobile-align-left","12":"ast-product-gallery-layout-horizontal-slider","13":"ast-product-single-variable","14":"ast-product-tabs-layout-vertical","15":"ast-qv-on-image","17":"first","18":"instock","19":"shipping-taxable","20":"purchasable","21":"product-type-variable"},"aioseo_notices":[],"uagb_featured_image_src":{"full":["https:\/\/inkiz.shop\/wp-content\/uploads\/2025\/06\/womens-cropped-sweatshirt-mauve-front-68585f5e8a40b.jpg",2000,2000,false],"thumbnail":["https:\/\/inkiz.shop\/wp-content\/uploads\/2025\/06\/womens-cropped-sweatshirt-mauve-front-68585f5e8a40b-150x150.jpg",150,150,true],"medium":["https:\/\/inkiz.shop\/wp-content\/uploads\/2025\/06\/womens-cropped-sweatshirt-mauve-front-68585f5e8a40b-300x300.jpg",300,300,true],"medium_large":["https:\/\/inkiz.shop\/wp-content\/uploads\/2025\/06\/womens-cropped-sweatshirt-mauve-front-68585f5e8a40b-768x768.jpg",768,768,true],"large":["https:\/\/inkiz.shop\/wp-content\/uploads\/2025\/06\/womens-cropped-sweatshirt-mauve-front-68585f5e8a40b-1024x1024.jpg",1024,1024,true],"1536x1536":["https:\/\/inkiz.shop\/wp-content\/uploads\/2025\/06\/womens-cropped-sweatshirt-mauve-front-68585f5e8a40b-1536x1536.jpg",1536,1536,true],"2048x2048":["https:\/\/inkiz.shop\/wp-content\/uploads\/2025\/06\/womens-cropped-sweatshirt-mauve-front-68585f5e8a40b.jpg",2000,2000,false],"mailpoet_newsletter_max":["https:\/\/inkiz.shop\/wp-content\/uploads\/2025\/06\/womens-cropped-sweatshirt-mauve-front-68585f5e8a40b.jpg",1320,1320,false],"woocommerce_thumbnail":["https:\/\/inkiz.shop\/wp-content\/uploads\/2025\/06\/womens-cropped-sweatshirt-mauve-front-68585f5e8a40b-300x300.jpg",300,300,true],"woocommerce_single":["https:\/\/inkiz.shop\/wp-content\/uploads\/2025\/06\/womens-cropped-sweatshirt-mauve-front-68585f5e8a40b-600x600.jpg",600,600,true],"woocommerce_gallery_thumbnail":["https:\/\/inkiz.shop\/wp-content\/uploads\/2025\/06\/womens-cropped-sweatshirt-mauve-front-68585f5e8a40b-100x100.jpg",100,100,true]},"uagb_author_info":{"display_name":"inkiz","author_link":"https:\/\/inkiz.shop\/fr\/author\/"},"uagb_comment_info":0,"uagb_excerpt":"Des \u00e9motions fortes, des lignes brutes. Ce sweat-shirt molletonn\u00e9 pr\u00e9sente une puissante illustration abstraite d&rsquo;un couple en col\u00e8re &#8211; un visuel saisissant de tension et de connexion captur\u00e9 d&rsquo;un seul coup d&rsquo;\u0153il. \ud83d\udda4 \u00c9l\u00e9gant et doux : Le m\u00e9lange polaire est ultra doux sur la peau. \u2702\ufe0f Coupe \u00e0 la mode : \u00c9paules tombantes, longueur\u2026","_links":{"self":[{"href":"https:\/\/inkiz.shop\/fr\/wp-json\/wp\/v2\/product\/5417","targetHints":{"allow":["GET"]}}],"collection":[{"href":"https:\/\/inkiz.shop\/fr\/wp-json\/wp\/v2\/product"}],"about":[{"href":"https:\/\/inkiz.shop\/fr\/wp-json\/wp\/v2\/types\/product"}],"replies":[{"embeddable":true,"href":"https:\/\/inkiz.shop\/fr\/wp-json\/wp\/v2\/comments?post=5417"}],"wp:featuredmedia":[{"embeddable":true,"href":"https:\/\/inkiz.shop\/fr\/wp-json\/wp\/v2\/media\/3593"}],"wp:attachment":[{"href":"https:\/\/inkiz.shop\/fr\/wp-json\/wp\/v2\/media?parent=5417"}],"wp:term":[{"taxonomy":"product_brand","embeddable":true,"href":"https:\/\/inkiz.shop\/fr\/wp-json\/wp\/v2\/product_brand?post=5417"},{"taxonomy":"product_cat","embeddable":true,"href":"https:\/\/inkiz.shop\/fr\/wp-json\/wp\/v2\/product_cat?post=5417"},{"taxonomy":"product_tag","embeddable":true,"href":"https:\/\/inkiz.shop\/fr\/wp-json\/wp\/v2\/product_tag?post=5417"}],"curies":[{"name":"wp","href":"https:\/\/api.w.org\/{rel}","templated":true}]}}