{"id":5438,"date":"2025-06-05T21:00:55","date_gmt":"2025-06-05T21:00:55","guid":{"rendered":"https:\/\/inkiz.shop\/product\/urban-strain-poster-encadre-abstract-face-papier-mat-de-qualite-museale-2\/"},"modified":"2025-07-20T09:36:54","modified_gmt":"2025-07-20T09:36:54","slug":"urban-strain-poster-encadre-abstract-face-papier-mat-de-qualite-museale-2","status":"publish","type":"product","link":"https:\/\/inkiz.shop\/fr\/product\/urban-strain-poster-encadre-abstract-face-papier-mat-de-qualite-museale-2\/","title":{"rendered":"\u00ab\u00a0Urban Strain\u00a0\u00bb &#8211; Poster encadr\u00e9 \u00ab\u00a0Abstract Face\u00a0\u00bb &#8211; Papier mat de qualit\u00e9 mus\u00e9ale"},"content":{"rendered":"<p>Apportez de l&rsquo;\u00e9motion et de la profondeur \u00e0 votre espace avec <span><b>\u00ab\u00a0Urban Strain\u00a0\u00bb (tension urbaine) <\/b><\/span>un portrait abstrait saisissant qui capture la tension de la vie moderne. Imprim\u00e9 sur du <span><b>papier mat de qualit\u00e9 mus\u00e9e<\/b><\/span> et encadr\u00e9 dans du <span><b>bois de pin massif.<\/b><\/span>Cette \u0153uvre est faite pour les collectionneurs d&rsquo;art et les int\u00e9rieurs modernes. <\/p>\n<p><\/p>\n<p><span>\ud83c\udfa8 <\/span><b>\u0152uvres d&rsquo;art<\/b><b><\/b><\/p>\n<p>Un visage brut et expressif, rendu par des lignes audacieuses et une texture subtile, \u00e9voquant le poids du stress urbain et de l&rsquo;introspection. Un m\u00e9lange parfait de minimalisme et d&rsquo;intensit\u00e9 \u00e9motionnelle. <\/p>\n<p><\/p>\n<p><span>\ud83d\uddbc\ufe0f <\/span><b>Encadrement et qualit\u00e9 d&rsquo;impression<\/b><b><\/b><\/p>\n<p>&#8211; <span><b>Pr\u00eat \u00e0 \u00eatre accroch\u00e9<\/b><\/span> &#8211; comprend un kit d&rsquo;accrochage pr\u00e9install\u00e9<\/p>\n<p>&#8211; <span><b>Cadre<\/b><\/span> &#8211; Bois de pin durable (\u00e9paisseur : 0.79-0.98&Prime;, largeur : 0.4-0.6&Prime;)<\/p>\n<p>&#8211; <span><b>Papier<\/b><\/span> &#8211; 250 g\/m\u00b2 \/ 110 lb, \u00e9pais 0,29 mm mat, qualit\u00e9 mus\u00e9e<\/p>\n<p>&#8211; <span><b>Couleur<\/b><\/span> &#8211; Base blanche naturelle pour des tons artistiques authentiques<\/p>\n<p>&#8211; <span><b>Protection<\/b><\/span> &#8211; Fa\u00e7ade en plexiglas incassable<\/p>\n<p>&#8211; <span><b>D\u00e9veloppement durable<\/b><\/span> &#8211; Papier certifi\u00e9 FSC ou \u00e9quivalent<\/p>\n<p>&#8211; <span><b>Dimensions<\/b><\/span> &#8211; Disponible en 15 dimensions (pouces pour US\/CA, cm ailleurs)<\/p>\n<p><\/p>\n<p>\ud83d\udda4 Que vous souhaitiez am\u00e9nager un espace de travail cr\u00e9atif, am\u00e9liorer votre mur d&rsquo;exposition ou chercher un cadeau qui suscite la r\u00e9flexion&#8230;<span><b>\u00ab\u00a0Urban Strain\u00a0\u00bb<\/b><\/span> offre un impact visuel et un savoir-faire de qualit\u00e9.<\/p>\n","protected":false},"excerpt":{"rendered":"<p>Apportez de l&rsquo;\u00e9motion et de la profondeur \u00e0 votre espace avec \u00ab\u00a0Urban Strain\u00a0\u00bb (tension urbaine) un portrait abstrait saisissant qui capture la tension de la vie moderne. Imprim\u00e9 sur du papier mat de qualit\u00e9 mus\u00e9e et encadr\u00e9 dans du bois de pin massif.Cette \u0153uvre est faite pour les collectionneurs d&rsquo;art et les int\u00e9rieurs modernes. \ud83c\udfa8 [&hellip;]<\/p>\n","protected":false},"featured_media":3336,"comment_status":"open","ping_status":"closed","template":"","meta":{"_uag_custom_page_level_css":"","site-sidebar-layout":"","site-content-layout":"","ast-site-content-layout":"","site-content-style":"","site-sidebar-style":"","ast-global-header-display":"","ast-banner-title-visibility":"","ast-main-header-display":"","ast-hfb-above-header-display":"","ast-hfb-below-header-display":"","ast-hfb-mobile-header-display":"","site-post-title":"","ast-breadcrumbs-content":"","ast-featured-img":"","footer-sml-layout":"","ast-disable-related-posts":"","theme-transparent-header-meta":"","adv-header-id-meta":"","stick-header-meta":"","header-above-stick-meta":"","header-main-stick-meta":"","header-below-stick-meta":"","astra-migrate-meta-layouts":"default","ast-page-background-enabled":"default","ast-page-background-meta":{"desktop":{"background-color":"","background-image":"","background-repeat":"repeat","background-position":"center center","background-size":"auto","background-attachment":"scroll","background-type":"","background-media":"","overlay-type":"","overlay-color":"","overlay-opacity":"","overlay-gradient":""},"tablet":{"background-color":"","background-image":"","background-repeat":"repeat","background-position":"center center","background-size":"auto","background-attachment":"scroll","background-type":"","background-media":"","overlay-type":"","overlay-color":"","overlay-opacity":"","overlay-gradient":""},"mobile":{"background-color":"","background-image":"","background-repeat":"repeat","background-position":"center center","background-size":"auto","background-attachment":"scroll","background-type":"","background-media":"","overlay-type":"","overlay-color":"","overlay-opacity":"","overlay-gradient":""}},"ast-content-background-meta":{"desktop":{"background-color":"var(--ast-global-color-5)","background-image":"","background-repeat":"repeat","background-position":"center center","background-size":"auto","background-attachment":"scroll","background-type":"","background-media":"","overlay-type":"","overlay-color":"","overlay-opacity":"","overlay-gradient":""},"tablet":{"background-color":"var(--ast-global-color-5)","background-image":"","background-repeat":"repeat","background-position":"center center","background-size":"auto","background-attachment":"scroll","background-type":"","background-media":"","overlay-type":"","overlay-color":"","overlay-opacity":"","overlay-gradient":""},"mobile":{"background-color":"var(--ast-global-color-5)","background-image":"","background-repeat":"repeat","background-position":"center center","background-size":"auto","background-attachment":"scroll","background-type":"","background-media":"","overlay-type":"","overlay-color":"","overlay-opacity":"","overlay-gradient":""}}},"product_brand":[],"product_cat":[92],"product_tag":[420,423,425,421,428,426,424,422,427,360],"class_list":{"0":"post-5438","1":"product","2":"type-product","3":"status-publish","4":"has-post-thumbnail","6":"product_cat-affiche","7":"product_tag-art-abstrait-du-visage","8":"product_tag-art-moderne-au-trait","9":"product_tag-decoration-dinterieur-sombre","10":"product_tag-decoration-murale-urbaine","11":"product_tag-dessin-au-trait-noir","12":"product_tag-impression-de-la-souche-urbaine","13":"product_tag-oeuvre-dart-emotionnelle","14":"product_tag-poster-dart-encadre","15":"product_tag-qualite-museale","16":"product_tag-tension-urbaine","17":"desktop-align-center","18":"tablet-align-left","19":"mobile-align-left","20":"ast-product-gallery-layout-horizontal-slider","21":"ast-product-single-variable","22":"ast-product-tabs-layout-vertical","23":"ast-qv-on-image","25":"first","26":"instock","27":"shipping-taxable","28":"purchasable","29":"product-type-variable"},"aioseo_notices":[],"uagb_featured_image_src":{"full":["https:\/\/inkiz.shop\/wp-content\/uploads\/2025\/06\/2dea628b-fec2-4410-aa22-2cc43e385390.jpg",2048,2048,false],"thumbnail":["https:\/\/inkiz.shop\/wp-content\/uploads\/2025\/06\/2dea628b-fec2-4410-aa22-2cc43e385390-150x150.jpg",150,150,true],"medium":["https:\/\/inkiz.shop\/wp-content\/uploads\/2025\/06\/2dea628b-fec2-4410-aa22-2cc43e385390-300x300.jpg",300,300,true],"medium_large":["https:\/\/inkiz.shop\/wp-content\/uploads\/2025\/06\/2dea628b-fec2-4410-aa22-2cc43e385390-768x768.jpg",768,768,true],"large":["https:\/\/inkiz.shop\/wp-content\/uploads\/2025\/06\/2dea628b-fec2-4410-aa22-2cc43e385390-1024x1024.jpg",1024,1024,true],"1536x1536":["https:\/\/inkiz.shop\/wp-content\/uploads\/2025\/06\/2dea628b-fec2-4410-aa22-2cc43e385390-1536x1536.jpg",1536,1536,true],"2048x2048":["https:\/\/inkiz.shop\/wp-content\/uploads\/2025\/06\/2dea628b-fec2-4410-aa22-2cc43e385390.jpg",2048,2048,false],"mailpoet_newsletter_max":["https:\/\/inkiz.shop\/wp-content\/uploads\/2025\/06\/2dea628b-fec2-4410-aa22-2cc43e385390.jpg",1320,1320,false],"woocommerce_thumbnail":["https:\/\/inkiz.shop\/wp-content\/uploads\/2025\/06\/2dea628b-fec2-4410-aa22-2cc43e385390-300x300.jpg",300,300,true],"woocommerce_single":["https:\/\/inkiz.shop\/wp-content\/uploads\/2025\/06\/2dea628b-fec2-4410-aa22-2cc43e385390-600x600.jpg",600,600,true],"woocommerce_gallery_thumbnail":["https:\/\/inkiz.shop\/wp-content\/uploads\/2025\/06\/2dea628b-fec2-4410-aa22-2cc43e385390-100x100.jpg",100,100,true]},"uagb_author_info":{"display_name":"inkiz","author_link":"https:\/\/inkiz.shop\/fr\/author\/"},"uagb_comment_info":0,"uagb_excerpt":"Apportez de l&rsquo;\u00e9motion et de la profondeur \u00e0 votre espace avec \u00ab\u00a0Urban Strain\u00a0\u00bb (tension urbaine) un portrait abstrait saisissant qui capture la tension de la vie moderne. Imprim\u00e9 sur du papier mat de qualit\u00e9 mus\u00e9e et encadr\u00e9 dans du bois de pin massif.Cette \u0153uvre est faite pour les collectionneurs d&rsquo;art et les int\u00e9rieurs modernes. \ud83c\udfa8\u2026","_links":{"self":[{"href":"https:\/\/inkiz.shop\/fr\/wp-json\/wp\/v2\/product\/5438","targetHints":{"allow":["GET"]}}],"collection":[{"href":"https:\/\/inkiz.shop\/fr\/wp-json\/wp\/v2\/product"}],"about":[{"href":"https:\/\/inkiz.shop\/fr\/wp-json\/wp\/v2\/types\/product"}],"replies":[{"embeddable":true,"href":"https:\/\/inkiz.shop\/fr\/wp-json\/wp\/v2\/comments?post=5438"}],"wp:featuredmedia":[{"embeddable":true,"href":"https:\/\/inkiz.shop\/fr\/wp-json\/wp\/v2\/media\/3336"}],"wp:attachment":[{"href":"https:\/\/inkiz.shop\/fr\/wp-json\/wp\/v2\/media?parent=5438"}],"wp:term":[{"taxonomy":"product_brand","embeddable":true,"href":"https:\/\/inkiz.shop\/fr\/wp-json\/wp\/v2\/product_brand?post=5438"},{"taxonomy":"product_cat","embeddable":true,"href":"https:\/\/inkiz.shop\/fr\/wp-json\/wp\/v2\/product_cat?post=5438"},{"taxonomy":"product_tag","embeddable":true,"href":"https:\/\/inkiz.shop\/fr\/wp-json\/wp\/v2\/product_tag?post=5438"}],"curies":[{"name":"wp","href":"https:\/\/api.w.org\/{rel}","templated":true}]}}