{"id":5488,"date":"2025-06-09T17:18:54","date_gmt":"2025-06-09T17:18:54","guid":{"rendered":"https:\/\/inkiz.shop\/?post_type=product&#038;p=5488"},"modified":"2025-08-07T19:29:19","modified_gmt":"2025-08-07T19:29:19","slug":"sweat-a-capuche-unisexe-serious-creature-abstract-back-print","status":"publish","type":"product","link":"https:\/\/inkiz.shop\/fr\/product\/sweat-a-capuche-unisexe-serious-creature-abstract-back-print\/","title":{"rendered":"Sweat \u00e0 capuche unisexe &#8211; Serious Creature Abstract Back Print"},"content":{"rendered":"<div><span>Enveloppez-vous d&rsquo;\u00e9nergie audacieuse avec ce sweat \u00e0 capuche classique, dont le dos est orn\u00e9 d&rsquo;un motif abstrait repr\u00e9sentant une cr\u00e9ature \u00e0 l&rsquo;air s\u00e9rieux. L&rsquo;image, rendue par un travail au trait expressif, apporte myst\u00e8re et intensit\u00e9 \u00e0 votre tenue de tous les jours. <\/span><\/div>\n<p><\/p>\n<p>\ud83e\uddf5<span><b>Doux mais robuste :<\/b><\/span> Fabriqu\u00e9 \u00e0 partir d&rsquo;un m\u00e9lange confortable de coton et de poly\u00e9thyl\u00e8ne (50\/50).<\/p>\n<p>\ud83c\udfa8<span><b>Impression au dos accrocheuse :<\/b><\/span> Abstrait et stimulant<\/p>\n<p>\ud83e\udde5<span><b>Coupe intemporelle du sweat \u00e0 capuche :<\/b><\/span> Poche avant, capuche doublement doubl\u00e9e<\/p>\n<p>\ud83c\udf00<span><b>Pas de boulochage :<\/b><\/span> Fil \u00e0 jet d&rsquo;air pour une finition lisse et durable<\/p>\n<p><span>\ud83c\udf08 <\/span><b>Disponible en plusieurs tailles et couleurs<\/b><b><\/b><\/p>\n<p><\/p>\n<p>Que vous le superposiez par temps froid ou que vous le mettiez en valeur par une fra\u00eeche nuit d&rsquo;\u00e9t\u00e9, ce sweat \u00e0 capuche allie confort et cr\u00e9ativit\u00e9.<\/p>\n<\/p>\n<p><span><\/span><\/p>\n<h3><b>\ud83d\udccf Guide des tailles (en cm)<\/b><\/h3>\n<\/p>\n<p><span><\/span><\/p>\n<ul>\n<li>\n<p><span><b>S :<\/b><\/span> Longueur 68,6 \/ Demi-poitrine 50,8 \/ Manche 85,1<\/p>\n<\/li>\n<li>\n<p><span><b>M :<\/b><\/span> Longueur 71,1 \/ Demi-poitrine 55,9 \/ Manche 87,6<\/p>\n<\/li>\n<li>\n<p><span><b>L :<\/b><\/span> Longueur 73,7 \/ Demi-poitrine 61 \/ Manche 90,2<\/p>\n<\/li>\n<li>\n<p><span><b>XL :<\/b><\/span> Longueur 76,2 \/ Demi-poitrine 66 \/ Manche 92,7<\/p>\n<\/li>\n<\/ul>\n<p><span><\/span><\/p>\n<h3><b>\ud83e\uddfc Instructions d&rsquo;entretien<\/b><\/h3>\n<\/p>\n<p><span><\/span><\/p>\n<ul>\n<li>\n<p>Laver \u00e0 l&rsquo;envers \u00e0 l&rsquo;eau froide pour pr\u00e9server l&rsquo;impression et le tissu.<\/p>\n<\/li>\n<li>\n<p>S\u00e9cher par culbutage \u00e0 temp\u00e9rature moyenne ou suspendre pour s\u00e9cher<\/p>\n<\/li>\n<li>\n<p>Ne pas utiliser d&rsquo;eau de Javel ou de fer \u00e0 repasser directement sur l&rsquo;impression.<\/p>\n<\/li>\n<\/ul>\n<ul>\n<\/ul>\n<p><strong>Guide des tailles<\/strong><\/p>\n<table>\n<tr>\n<td> <\/td>\n<td><strong>S<\/strong><\/td>\n<td><strong>M<\/strong><\/td>\n<td><strong>L<\/strong><\/td>\n<td><strong>XL<\/strong><\/td>\n<td><strong>2XL<\/strong><\/td>\n<td><strong>3XL<\/strong><\/td>\n<td><strong>4XL<\/strong><\/td>\n<td><strong>5XL<\/strong><\/td>\n<\/tr>\n<tr>\n<td><strong>A) Longueur (cm)<\/strong><\/td>\n<td>68.6<\/td>\n<td>71.1<\/td>\n<td>73.7<\/td>\n<td>76.2<\/td>\n<td>78.7<\/td>\n<td>81.3<\/td>\n<td>84<\/td>\n<td>86<\/td>\n<\/tr>\n<tr>\n<td><strong>B) Largeur (cm)<\/strong><\/td>\n<td>101.6<\/td>\n<td>111.8<\/td>\n<td>122<\/td>\n<td>132<\/td>\n<td>142.2<\/td>\n<td>152.4<\/td>\n<td>162<\/td>\n<td>172<\/td>\n<\/tr>\n<tr>\n<td><strong>B) Demi-poitrine (cm)<\/strong><\/td>\n<td>50.8<\/td>\n<td>55.9<\/td>\n<td>61<\/td>\n<td>66<\/td>\n<td>71.1<\/td>\n<td>76.2<\/td>\n<td>81<\/td>\n<td>86<\/td>\n<\/tr>\n<tr>\n<td><strong>C) Longueur des manches (cm)<\/strong><\/td>\n<td>85.1<\/td>\n<td>87.6<\/td>\n<td>90.2<\/td>\n<td>92.7<\/td>\n<td>95.3<\/td>\n<td>97.8<\/td>\n<td>100<\/td>\n<td>103<\/td>\n<\/tr>\n<\/table>\n<p><strong>Instructions d&rsquo;entretien<\/strong><\/p>\n<table>\n<tr>\n<td>G\u00e9n\u00e9ral<\/td>\n<td>Le sweat \u00e0 capuche Gildan 18500 est connu pour son m\u00e9lange de tissus robustes, son confort et sa polyvalence, ce qui en fait un choix populaire pour les designs personnalis\u00e9s et les commandes group\u00e9es.<\/td>\n<\/tr>\n<tr>\n<td>Lavage<\/td>\n<td>Laver en machine \u00e0 froid pour conserver l&rsquo;int\u00e9grit\u00e9 du tissu.<\/td>\n<\/tr>\n<tr>\n<td>S\u00e9chage<\/td>\n<td>S\u00e9cher en machine en cycle moyen.<\/td>\n<\/tr>\n<tr>\n<td>Rangement<\/td>\n<td>Ce sweat \u00e0 capuche, largement disponible en ligne chez divers d\u00e9taillants, garantit une facilit\u00e9 d&rsquo;achat.<\/td>\n<\/tr>\n<\/table>\n","protected":false},"excerpt":{"rendered":"<p>Enveloppez-vous d&rsquo;\u00e9nergie audacieuse avec ce sweat \u00e0 capuche classique, dont le dos est orn\u00e9 d&rsquo;un motif abstrait repr\u00e9sentant une cr\u00e9ature \u00e0 l&rsquo;air s\u00e9rieux. L&rsquo;image, rendue par un travail au trait expressif, apporte myst\u00e8re et intensit\u00e9 \u00e0 votre tenue de tous les jours. \ud83e\uddf5Doux mais robuste : Fabriqu\u00e9 \u00e0 partir d&rsquo;un m\u00e9lange confortable de coton et [&hellip;]<\/p>\n","protected":false},"featured_media":3468,"comment_status":"open","ping_status":"closed","template":"","meta":{"_uag_custom_page_level_css":"","site-sidebar-layout":"default","site-content-layout":"","ast-site-content-layout":"default","site-content-style":"default","site-sidebar-style":"default","ast-global-header-display":"","ast-banner-title-visibility":"","ast-main-header-display":"","ast-hfb-above-header-display":"","ast-hfb-below-header-display":"","ast-hfb-mobile-header-display":"","site-post-title":"","ast-breadcrumbs-content":"","ast-featured-img":"","footer-sml-layout":"","ast-disable-related-posts":"","theme-transparent-header-meta":"default","adv-header-id-meta":"","stick-header-meta":"default","header-above-stick-meta":"","header-main-stick-meta":"","header-below-stick-meta":"","astra-migrate-meta-layouts":"set","ast-page-background-enabled":"default","ast-page-background-meta":{"desktop":{"background-color":"","background-image":"","background-repeat":"repeat","background-position":"center center","background-size":"auto","background-attachment":"scroll","background-type":"","background-media":"","overlay-type":"","overlay-color":"","overlay-opacity":"","overlay-gradient":""},"tablet":{"background-color":"","background-image":"","background-repeat":"repeat","background-position":"center center","background-size":"auto","background-attachment":"scroll","background-type":"","background-media":"","overlay-type":"","overlay-color":"","overlay-opacity":"","overlay-gradient":""},"mobile":{"background-color":"","background-image":"","background-repeat":"repeat","background-position":"center center","background-size":"auto","background-attachment":"scroll","background-type":"","background-media":"","overlay-type":"","overlay-color":"","overlay-opacity":"","overlay-gradient":""}},"ast-content-background-meta":{"desktop":{"background-color":"var(--ast-global-color-5)","background-image":"","background-repeat":"repeat","background-position":"center center","background-size":"auto","background-attachment":"scroll","background-type":"","background-media":"","overlay-type":"","overlay-color":"","overlay-opacity":"","overlay-gradient":""},"tablet":{"background-color":"var(--ast-global-color-5)","background-image":"","background-repeat":"repeat","background-position":"center center","background-size":"auto","background-attachment":"scroll","background-type":"","background-media":"","overlay-type":"","overlay-color":"","overlay-opacity":"","overlay-gradient":""},"mobile":{"background-color":"var(--ast-global-color-5)","background-image":"","background-repeat":"repeat","background-position":"center center","background-size":"auto","background-attachment":"scroll","background-type":"","background-media":"","overlay-type":"","overlay-color":"","overlay-opacity":"","overlay-gradient":""}}},"product_brand":[],"product_cat":[99,98],"product_tag":[418,377,414,413,416,417,415,419],"class_list":{"0":"post-5488","1":"product","2":"type-product","3":"status-publish","4":"has-post-thumbnail","6":"product_cat-hommes","7":"product_cat-sweat-a-capuche-hommes","8":"product_tag-art-hoodie-fr","9":"product_tag-creature-serieuse","10":"product_tag-streetwear-art-fr","11":"product_tag-sweat-a-capuche-abstrait","12":"product_tag-sweat-a-capuche-audacieux","13":"product_tag-sweat-a-capuche-creatif","14":"product_tag-sweat-a-capuche-de-lartiste","15":"product_tag-sweat-a-capuche-illustre","16":"desktop-align-center","17":"tablet-align-left","18":"mobile-align-left","19":"ast-product-gallery-layout-horizontal-slider","20":"ast-product-single-variable","21":"ast-product-tabs-layout-vertical","22":"ast-qv-on-image","24":"first","25":"instock","26":"shipping-taxable","27":"purchasable","28":"product-type-variable"},"aioseo_notices":[],"uagb_featured_image_src":{"full":["https:\/\/inkiz.shop\/wp-content\/uploads\/2025\/06\/47e5c058-723c-4bb7-9766-3da7108989f0.jpg",2048,2048,false],"thumbnail":["https:\/\/inkiz.shop\/wp-content\/uploads\/2025\/06\/47e5c058-723c-4bb7-9766-3da7108989f0-150x150.jpg",150,150,true],"medium":["https:\/\/inkiz.shop\/wp-content\/uploads\/2025\/06\/47e5c058-723c-4bb7-9766-3da7108989f0-300x300.jpg",300,300,true],"medium_large":["https:\/\/inkiz.shop\/wp-content\/uploads\/2025\/06\/47e5c058-723c-4bb7-9766-3da7108989f0-768x768.jpg",768,768,true],"large":["https:\/\/inkiz.shop\/wp-content\/uploads\/2025\/06\/47e5c058-723c-4bb7-9766-3da7108989f0-1024x1024.jpg",1024,1024,true],"1536x1536":["https:\/\/inkiz.shop\/wp-content\/uploads\/2025\/06\/47e5c058-723c-4bb7-9766-3da7108989f0-1536x1536.jpg",1536,1536,true],"2048x2048":["https:\/\/inkiz.shop\/wp-content\/uploads\/2025\/06\/47e5c058-723c-4bb7-9766-3da7108989f0.jpg",2048,2048,false],"mailpoet_newsletter_max":["https:\/\/inkiz.shop\/wp-content\/uploads\/2025\/06\/47e5c058-723c-4bb7-9766-3da7108989f0.jpg",1320,1320,false],"woocommerce_thumbnail":["https:\/\/inkiz.shop\/wp-content\/uploads\/2025\/06\/47e5c058-723c-4bb7-9766-3da7108989f0-300x300.jpg",300,300,true],"woocommerce_single":["https:\/\/inkiz.shop\/wp-content\/uploads\/2025\/06\/47e5c058-723c-4bb7-9766-3da7108989f0-600x600.jpg",600,600,true],"woocommerce_gallery_thumbnail":["https:\/\/inkiz.shop\/wp-content\/uploads\/2025\/06\/47e5c058-723c-4bb7-9766-3da7108989f0-100x100.jpg",100,100,true]},"uagb_author_info":{"display_name":"inkiz","author_link":"https:\/\/inkiz.shop\/fr\/author\/"},"uagb_comment_info":0,"uagb_excerpt":"Enveloppez-vous d&rsquo;\u00e9nergie audacieuse avec ce sweat \u00e0 capuche classique, dont le dos est orn\u00e9 d&rsquo;un motif abstrait repr\u00e9sentant une cr\u00e9ature \u00e0 l&rsquo;air s\u00e9rieux. L&rsquo;image, rendue par un travail au trait expressif, apporte myst\u00e8re et intensit\u00e9 \u00e0 votre tenue de tous les jours. \ud83e\uddf5Doux mais robuste : Fabriqu\u00e9 \u00e0 partir d&rsquo;un m\u00e9lange confortable de coton et\u2026","_links":{"self":[{"href":"https:\/\/inkiz.shop\/fr\/wp-json\/wp\/v2\/product\/5488","targetHints":{"allow":["GET"]}}],"collection":[{"href":"https:\/\/inkiz.shop\/fr\/wp-json\/wp\/v2\/product"}],"about":[{"href":"https:\/\/inkiz.shop\/fr\/wp-json\/wp\/v2\/types\/product"}],"replies":[{"embeddable":true,"href":"https:\/\/inkiz.shop\/fr\/wp-json\/wp\/v2\/comments?post=5488"}],"wp:featuredmedia":[{"embeddable":true,"href":"https:\/\/inkiz.shop\/fr\/wp-json\/wp\/v2\/media\/3468"}],"wp:attachment":[{"href":"https:\/\/inkiz.shop\/fr\/wp-json\/wp\/v2\/media?parent=5488"}],"wp:term":[{"taxonomy":"product_brand","embeddable":true,"href":"https:\/\/inkiz.shop\/fr\/wp-json\/wp\/v2\/product_brand?post=5488"},{"taxonomy":"product_cat","embeddable":true,"href":"https:\/\/inkiz.shop\/fr\/wp-json\/wp\/v2\/product_cat?post=5488"},{"taxonomy":"product_tag","embeddable":true,"href":"https:\/\/inkiz.shop\/fr\/wp-json\/wp\/v2\/product_tag?post=5488"}],"curies":[{"name":"wp","href":"https:\/\/api.w.org\/{rel}","templated":true}]}}